{"id":1036,"date":"2023-02-09T17:27:03","date_gmt":"2023-02-09T16:27:03","guid":{"rendered":"http:\/\/www.agrochallenges.com\/?page_id=1036"},"modified":"2023-02-10T14:52:25","modified_gmt":"2023-02-10T13:52:25","slug":"distintivos-digital","status":"publish","type":"page","link":"http:\/\/www.agrochallenges.com\/index.php\/pt\/distintivos-digital\/","title":{"rendered":"Distintivos digital"},"content":{"rendered":"\n<h2>\n\t\tOpen Badge CHALLENGER\n\t<\/h2>\n\t\t\t\t<img loading=\"lazy\" decoding=\"async\" src=\"http:\/\/www.agrochallenges.com\/wp-content\/uploads\/2023\/02\/Badge_Challenger-1.jpg\" alt=\"Badge_Challenger\" itemprop=\"image\" height=\"419\" width=\"419\" title=\"Badge_Challenger\" onerror=\"this.style.display='none'\"  \/>\n\t<p>\u00ab Este crach\u00e1 de know-how reconhece que o propriet\u00e1rio participou de uma sess\u00e3o de jogo AGROCHALLENGES (sozinho ou em equipes). Este selo pode ser promovido internacionalmente gra\u00e7as aos idiomas dispon\u00edveis: franc\u00eas &#8211; ingl\u00eas &#8211; espanhol. \u00bb<\/p>\n\t\n<p>Qualquer um pode solicitar este selo. O propriet\u00e1rio deve ter participado de uma sess\u00e3o de jogo e fornecido uma breve vis\u00e3o do conhecimento aprendido. Este selo atesta que o propriet\u00e1rio desenvolveu as seguintes habilidades:<\/p>\n<ul>\n<li aria-level=\"1\">Aquisi\u00e7\u00e3o de conhecimento no setor de agroecologia<\/li>\n<li aria-level=\"1\">Consci\u00eancia da abordagem multidisciplinar e sist\u00e9mica (agronomia, economia, ecologia) e das diferentes escalas espaciais e temporais: local \/ global, curto \/ longo prazo<\/li>\n<li aria-level=\"1\">Habilidades de debater e falar sobre quest\u00f5es agr\u00edcolas e alimentares atuais<\/li>\n<li aria-level=\"1\">Reconhecer a origem das propostas para enfrentar os desafios agr\u00edcolas e alimentares a m\u00e9dio e longo prazo<\/li>\n<\/ul>\n\t\t\t<a href=\"https:\/\/openbadgefactory.com\/c\/earnablebadge\/QUJ118aNANaUR\/apply\" target=\"_blank\" role=\"button\" rel=\"noopener\">\n\t\t\t\t\t\tSolicite seu Challenger Open Badge\n\t\t\t\t\t<\/a>\n<h2>\n\t\tOpen Badge CHALLENGER\n\t<\/h2>\n\t\t\t\t<img loading=\"lazy\" decoding=\"async\" src=\"http:\/\/www.agrochallenges.com\/wp-content\/uploads\/2023\/02\/Badge_Amassador-1.jpg\" alt=\"Badge_Amassador\" itemprop=\"image\" height=\"419\" width=\"419\" title=\"Badge_Amassador\" onerror=\"this.style.display='none'\"  \/>\n\t<p>\u00ab Este crach\u00e1 de know-how reconhece que o propriet\u00e1rio participou da conscientiza\u00e7\u00e3o sobre os princ\u00edpios da agroecologia ao liderar uma sess\u00e3o de jogo AGROCHALLENGES. Este selo pode ser promovido internacionalmente gra\u00e7as aos idiomas dispon\u00edveis: franc\u00eas &#8211; ingl\u00eas &#8211; espanhol. \u00bb<\/p>\n\t\n<p>Qualquer um pode solicitar este selo. O propriet\u00e1rio deve ter conduzido uma sess\u00e3o de jogo e enviado o nome da organiza\u00e7\u00e3o da qual participa \u00e0 equipa AGROCHALLENGES (universidade, associa\u00e7\u00e3o, sindicato profissional). Ele deve ter fornecido detalhes sobre seu evento, bem como um breve feedback de sua experi\u00eancia na sess\u00e3o de jogo. Este selo atesta que o propriet\u00e1rio desenvolveu as seguintes habilidades:<\/p>\n<ul>\n<li aria-level=\"1\">Aquisi\u00e7\u00e3o de conhecimento no setor de agroecologia<\/li>\n<li aria-level=\"1\">Consci\u00eancia da abordagem multidisciplinar e sist\u00e9mica (agronomia, economia, ecologia) e das diferentes escalas espaciais e temporais: local \/ global, curto \/ longo prazo<\/li>\n<li aria-level=\"1\">Habilidades de debater e falar sobre quest\u00f5es agr\u00edcolas e alimentares atuais<\/li>\n<li aria-level=\"1\">Reconhecer a origem das propostas para enfrentar os desafios agr\u00edcolas e alimentares a m\u00e9dio e longo prazo<\/li>\n<li aria-level=\"1\">Capacidade de organizar e liderar sess\u00f5es de conscientiza\u00e7\u00e3o sobre agroecologia por meio do jogo s\u00e9rio AGROCHALLENGES<\/li>\n<li aria-level=\"1\">Capacidade de comunicar e compartilhar o conhecimento em agroecologia de forma pedag\u00f3gica<\/li>\n<\/ul>\n\t\t\t<a href=\"https:\/\/openbadgefactory.com\/c\/earnablebadge\/QUJFC1aNANa14L\/apply\" target=\"_blank\" role=\"button\" rel=\"noopener\">\n\t\t\t\t\t\tSolicite seu Embaixador Open Badge\n\t\t\t\t\t<\/a>\n\n","protected":false},"excerpt":{"rendered":"<p>Open Badge CHALLENGER \u00ab Este crach\u00e1 de know-how reconhece que o propriet\u00e1rio participou de uma sess\u00e3o de jogo AGROCHALLENGES (sozinho ou em equipes). Este selo pode ser promovido internacionalmente gra\u00e7as aos idiomas dispon\u00edveis: franc\u00eas &#8211; ingl\u00eas &#8211; espanhol. \u00bb Qualquer um pode solicitar este selo. O propriet\u00e1rio deve ter participado de uma sess\u00e3o de jogo &hellip;<\/p>\n<p class=\"read-more\"> <a class=\"\" href=\"http:\/\/www.agrochallenges.com\/index.php\/pt\/distintivos-digital\/\"> <span class=\"screen-reader-text\">Distintivos digital<\/span> Lire la suite\u00a0\u00bb<\/a><\/p>\n","protected":false},"author":1,"featured_media":0,"parent":0,"menu_order":0,"comment_status":"closed","ping_status":"closed","template":"","meta":{"footnotes":""},"_links":{"self":[{"href":"http:\/\/www.agrochallenges.com\/index.php\/wp-json\/wp\/v2\/pages\/1036"}],"collection":[{"href":"http:\/\/www.agrochallenges.com\/index.php\/wp-json\/wp\/v2\/pages"}],"about":[{"href":"http:\/\/www.agrochallenges.com\/index.php\/wp-json\/wp\/v2\/types\/page"}],"author":[{"embeddable":true,"href":"http:\/\/www.agrochallenges.com\/index.php\/wp-json\/wp\/v2\/users\/1"}],"replies":[{"embeddable":true,"href":"http:\/\/www.agrochallenges.com\/index.php\/wp-json\/wp\/v2\/comments?post=1036"}],"version-history":[{"count":3,"href":"http:\/\/www.agrochallenges.com\/index.php\/wp-json\/wp\/v2\/pages\/1036\/revisions"}],"predecessor-version":[{"id":1440,"href":"http:\/\/www.agrochallenges.com\/index.php\/wp-json\/wp\/v2\/pages\/1036\/revisions\/1440"}],"wp:attachment":[{"href":"http:\/\/www.agrochallenges.com\/index.php\/wp-json\/wp\/v2\/media?parent=1036"}],"curies":[{"name":"wp","href":"https:\/\/api.w.org\/{rel}","templated":true}]}}