{"id":1088,"date":"2023-02-09T17:27:31","date_gmt":"2023-02-09T16:27:31","guid":{"rendered":"http:\/\/www.agrochallenges.com\/?page_id=1088"},"modified":"2023-02-10T14:47:08","modified_gmt":"2023-02-10T13:47:08","slug":"abzeichen-digital","status":"publish","type":"page","link":"http:\/\/www.agrochallenges.com\/index.php\/de\/abzeichen-digital\/","title":{"rendered":"Abzeichen digital"},"content":{"rendered":"\n<h2>\n\t\tOpen Badge CHALLENGER\n\t<\/h2>\n\t\t\t\t<img loading=\"lazy\" decoding=\"async\" src=\"http:\/\/www.agrochallenges.com\/wp-content\/uploads\/2023\/02\/Badge_Challenger-1.jpg\" alt=\"Badge_Challenger\" itemprop=\"image\" height=\"419\" width=\"419\" title=\"Badge_Challenger\" onerror=\"this.style.display='none'\"  \/>\n\t<p>\u00ab Dieses Know-how-Abzeichen erkennt an, dass der Besitzer an der Sensibilisierung f\u00fcr die Grunds\u00e4tze der Agrar\u00f6kologie teilgenommen hat, indem er eine AGROCHALLENGES-Spielsitzung geleitet hat. Dieses Abzeichen kann dank der verf\u00fcgbaren Sprachen international beworben werden: Franz\u00f6sisch &#8211; Englisch &#8211; Spanisch. \u00bb<\/p>\n\t\n<p>Jeder kann dieses Abzeichen anfordern. Der Besitzer muss an einer Spielsession teilgenommen und einen kurzen Einblick in das erlernte Wissen gegeben haben. Dieses Abzeichen best\u00e4tigt, dass der Besitzer die folgenden F\u00e4higkeiten entwickelt hat:<\/p>\n<ul>\n<li aria-level=\"1\">Erwerb von Kenntnissen im Bereich Agrar\u00f6kologie<\/li>\n<li aria-level=\"1\">Bewusstsein f\u00fcr den multidisziplin\u00e4ren und systemischen Ansatz (Agronomie, \u00d6konomie, \u00d6kologie) und die unterschiedlichen r\u00e4umlichen und zeitlichen Ma\u00dfst\u00e4be: lokal \/ global, kurzfristig \/ langfristig<\/li>\n<li aria-level=\"1\">Debattier- und Sprechf\u00e4higkeiten \u00fcber aktuelle landwirtschaftliche und Lebensmittelthemen<\/li>\n<li aria-level=\"1\">Nennen Sie die Quelle von Vorschl\u00e4gen zur mittel- und langfristigen Bew\u00e4ltigung landwirtschaftlicher und ern\u00e4hrungsbezogener Herausforderungen<\/li>\n<\/ul>\n\t\t\t<a href=\"https:\/\/openbadgefactory.com\/c\/earnablebadge\/QUJ118aNANaUR\/apply\" target=\"_blank\" role=\"button\" rel=\"noopener\">\n\t\t\t\t\t\tFordern Sie Ihren CHALLENGER Open Badge an\n\t\t\t\t\t<\/a>\n<h2>\n\t\tOpen Badge CHALLENGER\n\t<\/h2>\n\t\t\t\t<img loading=\"lazy\" decoding=\"async\" src=\"http:\/\/www.agrochallenges.com\/wp-content\/uploads\/2023\/02\/Badge_Amassador-1.jpg\" alt=\"Badge_Amassador\" itemprop=\"image\" height=\"419\" width=\"419\" title=\"Badge_Amassador\" onerror=\"this.style.display='none'\"  \/>\n\t<p>\u00ab Dieses Know-how-Abzeichen erkennt an, dass der Besitzer an der Sensibilisierung f\u00fcr die Grunds\u00e4tze der Agrar\u00f6kologie teilgenommen hat, indem er eine AGROCHALLENGES-Spielsitzung geleitet hat. Dieses Abzeichen kann dank der verf\u00fcgbaren Sprachen international beworben werden: Franz\u00f6sisch &#8211; Englisch &#8211; Spanisch. \u00bb<\/p>\n\t\n<p>Jeder kann dieses Abzeichen anfordern. Der Eigent\u00fcmer muss eine Spielsitzung geleitet und den Namen der Organisation, an der er teilnimmt, an das AGROCHALLENGES-Team (Universit\u00e4t, Verband, Berufsgemeinschaft) gesendet haben. Er muss Details zu seiner Veranstaltung sowie ein kurzes Feedback zu seinen Erfahrungen mit der Spielsitzung bereitgestellt haben. Dieses Abzeichen best\u00e4tigt, dass der Besitzer die folgenden F\u00e4higkeiten entwickelt hat:<\/p>\n<ul>\n<li aria-level=\"1\">Erwerb von Kenntnissen im Bereich Agrar\u00f6kologie<\/li>\n<li aria-level=\"1\">Bewusstsein f\u00fcr den multidisziplin\u00e4ren und systemischen Ansatz (Agronomie, \u00d6konomie, \u00d6kologie) und die unterschiedlichen r\u00e4umlichen und zeitlichen Ma\u00dfst\u00e4be: lokal \/ global, kurzfristig \/ langfristig<\/li>\n<li aria-level=\"1\">Debattier- und Sprechf\u00e4higkeiten \u00fcber aktuelle landwirtschaftliche und Lebensmittelthemen<\/li>\n<li aria-level=\"1\">Nennen Sie die Quelle von Vorschl\u00e4gen zur mittel- und langfristigen Bew\u00e4ltigung landwirtschaftlicher und ern\u00e4hrungsbezogener Herausforderungen<\/li>\n<li aria-level=\"1\">F\u00e4higkeit, Sensibilisierungssitzungen zur Agrar\u00f6kologie \u00fcber das Serious Game AGROCHALLENGES zu organisieren und zu leiten<\/li>\n<li aria-level=\"1\">F\u00e4higkeit, das Wissen in Agrar\u00f6kologie auf p\u00e4dagogische Weise zu kommunizieren und zu teilen<\/li>\n<\/ul>\n\t\t\t<a href=\"https:\/\/openbadgefactory.com\/c\/earnablebadge\/QUJFC1aNANa14L\/apply\" target=\"_blank\" role=\"button\" rel=\"noopener\">\n\t\t\t\t\t\tFordern Sie Ihren AMBASSADOR Open Badge an\n\t\t\t\t\t<\/a>\n\n","protected":false},"excerpt":{"rendered":"<p>Open Badge CHALLENGER \u00ab Dieses Know-how-Abzeichen erkennt an, dass der Besitzer an der Sensibilisierung f\u00fcr die Grunds\u00e4tze der Agrar\u00f6kologie teilgenommen hat, indem er eine AGROCHALLENGES-Spielsitzung geleitet hat. Dieses Abzeichen kann dank der verf\u00fcgbaren Sprachen international beworben werden: Franz\u00f6sisch &#8211; Englisch &#8211; Spanisch. \u00bb Jeder kann dieses Abzeichen anfordern. Der Besitzer muss an einer Spielsession teilgenommen &hellip;<\/p>\n<p class=\"read-more\"> <a class=\"\" href=\"http:\/\/www.agrochallenges.com\/index.php\/de\/abzeichen-digital\/\"> <span class=\"screen-reader-text\">Abzeichen digital<\/span> Lire la suite\u00a0\u00bb<\/a><\/p>\n","protected":false},"author":1,"featured_media":0,"parent":0,"menu_order":0,"comment_status":"closed","ping_status":"closed","template":"","meta":{"footnotes":""},"_links":{"self":[{"href":"http:\/\/www.agrochallenges.com\/index.php\/wp-json\/wp\/v2\/pages\/1088"}],"collection":[{"href":"http:\/\/www.agrochallenges.com\/index.php\/wp-json\/wp\/v2\/pages"}],"about":[{"href":"http:\/\/www.agrochallenges.com\/index.php\/wp-json\/wp\/v2\/types\/page"}],"author":[{"embeddable":true,"href":"http:\/\/www.agrochallenges.com\/index.php\/wp-json\/wp\/v2\/users\/1"}],"replies":[{"embeddable":true,"href":"http:\/\/www.agrochallenges.com\/index.php\/wp-json\/wp\/v2\/comments?post=1088"}],"version-history":[{"count":3,"href":"http:\/\/www.agrochallenges.com\/index.php\/wp-json\/wp\/v2\/pages\/1088\/revisions"}],"predecessor-version":[{"id":1438,"href":"http:\/\/www.agrochallenges.com\/index.php\/wp-json\/wp\/v2\/pages\/1088\/revisions\/1438"}],"wp:attachment":[{"href":"http:\/\/www.agrochallenges.com\/index.php\/wp-json\/wp\/v2\/media?parent=1088"}],"curies":[{"name":"wp","href":"https:\/\/api.w.org\/{rel}","templated":true}]}}