{"id":124,"date":"2023-02-09T11:54:17","date_gmt":"2023-02-09T10:54:17","guid":{"rendered":"http:\/\/www.agrochallenges.com\/?page_id=124"},"modified":"2023-02-10T14:31:50","modified_gmt":"2023-02-10T13:31:50","slug":"les-badges","status":"publish","type":"page","link":"http:\/\/www.agrochallenges.com\/index.php\/les-badges\/","title":{"rendered":"Badges num\u00e9riques"},"content":{"rendered":"\n<h2>\n\t\tOpen Badge CHALLENGER\n\t<\/h2>\n\t\t\t\t<img loading=\"lazy\" decoding=\"async\" src=\"http:\/\/www.agrochallenges.com\/wp-content\/uploads\/2023\/02\/Badge_Challenger-1.jpg\" alt=\"Badge_Challenger\" itemprop=\"image\" height=\"419\" width=\"419\" title=\"Badge_Challenger\" onerror=\"this.style.display='none'\"  \/>\n\t<p>\u00ab Ce badge reconna\u00eet que son b\u00e9n\u00e9ficiaire a particip\u00e9 \u00e0 une s\u00e9ance de sensibilisation au concept d&rsquo;agro\u00e9cologie en participant \u00e0 une session de jeu AGROCHALLENGES (seul ou en \u00e9quipe). Ce badge peut \u00eatre valoris\u00e9 internationalement gr\u00e2ce aux langues disponibles : fran\u00e7ais, anglais et espagnol. \u00bb<\/p>\n\t<b>Crit\u00e8res d&rsquo;obtention<br \/>\n<\/b>\n<p>Tout le monde peut demander ce badge. Son b\u00e9n\u00e9ficiaire doit avoir particip\u00e9 \u00e0 une session de jeu et fourni un court aper\u00e7u des apprentissages qu&rsquo;il a retenus. Il indique que son b\u00e9n\u00e9ficiaire a d\u00e9velopp\u00e9 les comp\u00e9tences suivantes :<\/p>\n<ul>\n<li aria-level=\"1\">Acquisition de connaissances sur l&rsquo;agro\u00e9cologie<\/li>\n<li aria-level=\"1\">Prise de conscience de l&rsquo;approche pluridisciplinaire et syst\u00e9mique (agronomie, \u00e9conomie, \u00e9cologie) et des diff\u00e9rentes \u00e9chelles spatiales et temporelles : local\/global, court terme\/long terme<\/li>\n<li aria-level=\"1\">Capacit\u00e9 \u00e0 d\u00e9battre et argumenter sur les enjeux agricoles et alimentaires contemporains<\/li>\n<li aria-level=\"1\">Force de proposition pour r\u00e9pondre aux d\u00e9fis agricoles et alimentaires \u00e0 moyen et long terme<\/li>\n<\/ul>\n\t\t\t<a href=\"https:\/\/openbadgefactory.com\/c\/earnablebadge\/QUJ118aNANaUR\/apply\" target=\"_blank\" role=\"button\" rel=\"noopener\">\n\t\t\t\t\t\tDemander votre Open Badge CHALLENGER\n\t\t\t\t\t<\/a>\n<h2>\n\t\tOpen Badge CHALLENGER\n\t<\/h2>\n\t\t\t\t<img loading=\"lazy\" decoding=\"async\" src=\"http:\/\/www.agrochallenges.com\/wp-content\/uploads\/2023\/02\/Badge_Amassador-1.jpg\" alt=\"Badge_Amassador\" itemprop=\"image\" height=\"419\" width=\"419\" title=\"Badge_Amassador\" onerror=\"this.style.display='none'\"  \/>\n\t<p>\u00ab Ce badge reconna\u00eet que son b\u00e9n\u00e9ficiaire a particip\u00e9 \u00e0 la sensibilisation au concept d&rsquo;agro\u00e9cologie en organisant une session de jeu AGROCHALLENGES. Ce badge peut \u00eatre valoris\u00e9 internationalement gr\u00e2ce aux langues disponibles : fran\u00e7ais, anglais et espagnol. \u00bb<\/p>\n\t\n<p>Tout le monde peut demander ce badge. Son b\u00e9n\u00e9ficiaire doit avoir anim\u00e9 une session de jeu et envoy\u00e9 la structure dont il fait partie \u00e0 l&rsquo;\u00e9quipe d&rsquo;AGROCHALLENGES (universit\u00e9, association, coop\u00e9rative professionnelle). Il doit fournir les informations concernant l&rsquo;\u00e9v\u00e9nement tenu ainsi qu&rsquo;un court retour d&rsquo;exp\u00e9rience sur la session de jeu. Il indique que son b\u00e9n\u00e9ficiaire a d\u00e9velopp\u00e9 les comp\u00e9tences suivantes :<\/p>\n<ul>\n<li aria-level=\"1\">Acquisition de connaissances sur l&rsquo;agro\u00e9cologie<\/li>\n<li aria-level=\"1\">Prise de conscience de l&rsquo;approche pluridisciplinaire et syst\u00e9mique (agronomie, \u00e9conomie, \u00e9cologie) et des diff\u00e9rentes \u00e9chelles spatiales et temporelles : local\/global, court terme\/long terme<\/li>\n<li aria-level=\"1\">Capacit\u00e9 \u00e0 d\u00e9battre et argumenter sur les enjeux agricoles et alimentaires contemporains<\/li>\n<li aria-level=\"1\">Force de proposition pour r\u00e9pondre aux d\u00e9fis agricoles et alimentaires \u00e0 moyen et long terme<\/li>\n<li aria-level=\"1\">Aptitude \u00e0 l&rsquo;organisation et animation de s\u00e9ance(s) de sensibilisation \u00e0 l&rsquo;agro\u00e9cologie gr\u00e2ce au serious game AGROCHALLENGES<\/li>\n<li aria-level=\"1\">Aptitude \u00e0 communiquer et partager ses connaissances en agro\u00e9cologie de fa\u00e7on p\u00e9dagogique<\/li>\n<\/ul>\n\t\t\t<a href=\"https:\/\/openbadgefactory.com\/c\/earnablebadge\/QUJFC1aNANa14L\/apply\" target=\"_blank\" role=\"button\" rel=\"noopener\">\n\t\t\t\t\t\tDemander votre Open Badge AMBASSADOR\n\t\t\t\t\t<\/a>\n\n","protected":false},"excerpt":{"rendered":"<p>Open Badge CHALLENGER \u00ab Ce badge reconna\u00eet que son b\u00e9n\u00e9ficiaire a particip\u00e9 \u00e0 une s\u00e9ance de sensibilisation au concept d&rsquo;agro\u00e9cologie en participant \u00e0 une session de jeu AGROCHALLENGES (seul ou en \u00e9quipe). Ce badge peut \u00eatre valoris\u00e9 internationalement gr\u00e2ce aux langues disponibles : fran\u00e7ais, anglais et espagnol. \u00bb Crit\u00e8res d&rsquo;obtention Tout le monde peut demander &hellip;<\/p>\n<p class=\"read-more\"> <a class=\"\" href=\"http:\/\/www.agrochallenges.com\/index.php\/les-badges\/\"> <span class=\"screen-reader-text\">Badges num\u00e9riques<\/span> Lire la suite\u00a0\u00bb<\/a><\/p>\n","protected":false},"author":1,"featured_media":0,"parent":0,"menu_order":0,"comment_status":"closed","ping_status":"closed","template":"","meta":{"footnotes":""},"_links":{"self":[{"href":"http:\/\/www.agrochallenges.com\/index.php\/wp-json\/wp\/v2\/pages\/124"}],"collection":[{"href":"http:\/\/www.agrochallenges.com\/index.php\/wp-json\/wp\/v2\/pages"}],"about":[{"href":"http:\/\/www.agrochallenges.com\/index.php\/wp-json\/wp\/v2\/types\/page"}],"author":[{"embeddable":true,"href":"http:\/\/www.agrochallenges.com\/index.php\/wp-json\/wp\/v2\/users\/1"}],"replies":[{"embeddable":true,"href":"http:\/\/www.agrochallenges.com\/index.php\/wp-json\/wp\/v2\/comments?post=124"}],"version-history":[{"count":6,"href":"http:\/\/www.agrochallenges.com\/index.php\/wp-json\/wp\/v2\/pages\/124\/revisions"}],"predecessor-version":[{"id":1416,"href":"http:\/\/www.agrochallenges.com\/index.php\/wp-json\/wp\/v2\/pages\/124\/revisions\/1416"}],"wp:attachment":[{"href":"http:\/\/www.agrochallenges.com\/index.php\/wp-json\/wp\/v2\/media?parent=124"}],"curies":[{"name":"wp","href":"https:\/\/api.w.org\/{rel}","templated":true}]}}