{"id":1372,"date":"2023-02-09T17:53:05","date_gmt":"2023-02-09T16:53:05","guid":{"rendered":"http:\/\/www.agrochallenges.com\/?page_id=1372"},"modified":"2023-02-10T15:38:48","modified_gmt":"2023-02-10T14:38:48","slug":"recursos","status":"publish","type":"page","link":"http:\/\/www.agrochallenges.com\/index.php\/es\/recursos\/","title":{"rendered":"Recursos"},"content":{"rendered":"\n<h2>\n\t\tPresentaci\u00f3n del juego AGRODESAFIOS\n\t<\/h2>\n\t<iframe loading=\"lazy\" width=\"1000\" height=\"563\" src=\"https:\/\/www.youtube.com\/embed\/6yUOjrWafDY\" title=\"YouTube video player\" frameborder=\"0\" allow=\"accelerometer; autoplay; clipboard-write; encrypted-media; gyroscope; picture-in-picture; web-share\" allowfullscreen><\/iframe>\n<h2>\n\t\t\u00bfC\u00f3mo naci\u00f3 este juego y con qu\u00e9 prop\u00f3sito?\n\t<\/h2>\n\t<iframe loading=\"lazy\" width=\"1000\" height=\"563\" src=\"https:\/\/www.youtube.com\/embed\/hhPzRS79HQA\" title=\"YouTube video player\" frameborder=\"0\" allow=\"accelerometer; autoplay; clipboard-write; encrypted-media; gyroscope; picture-in-picture; web-share\" allowfullscreen><\/iframe>\n<h2>\n\t\tSeminario web de presentaci\u00f3n del juego AGROCHALLENGES\n\t<\/h2>\n\t<iframe loading=\"lazy\" title=\"vimeo-player\" src=\"https:\/\/player.vimeo.com\/video\/533523809?h=d3043f1a50\" width=\"1000\" height=\"450\" frameborder=\"0\" allowfullscreen><\/iframe>\n<h2>\n\t\tV\u00eddeos demostrativos de diferentes modos de juego\n\t<\/h2>\n\t<iframe loading=\"lazy\" width=\"1000\" height=\"563\" src=\"https:\/\/www.youtube.com\/embed\/GT_LK-p9Jeg\" title=\"YouTube video player\" frameborder=\"0\" allow=\"accelerometer; autoplay; clipboard-write; encedia; gyroscope; picture-in-picture; web-share\" allowfullscreen><\/iframe>\n\t<iframe loading=\"lazy\" width=\"1000\" height=\"563\" src=\"https:\/\/www.youtube.com\/embed\/yuM0hlmklcM\" title=\"YouTube video player\" frameborder=\"0\" allow=\"accelerometer; autoplay; clipboard-write; encrypted-media; gyroscope; picture-in-picture; web-share\" allowfullscreen><\/iframe>\n\t<iframe loading=\"lazy\" width=\"1000\" height=\"563\" src=\"https:\/\/www.youtube.com\/embed\/tcK-42X6DNU\" title=\"YouTube video player\" frameborder=\"0\" allow=\"accelerometer; autoplay; clipboard-write; encrypted-media; gyroscope; picture-in-picture; web-share\" allowfullscreen><\/iframe>\n\t<p>Otros recursos educativos relacionados con el juego:<\/p>\n\t\t\t<a href=\"https:\/\/red.educagri.fr\/agrochallenges-2\/\" target=\"_self\" role=\"button\" rel=\"noopener\">\n\t\t\t\t\t\tHaga clic aqu\u00ed\n\t\t\t\t\t<\/a>\n\n","protected":false},"excerpt":{"rendered":"<p>Presentaci\u00f3n del juego AGRODESAFIOS \u00bfC\u00f3mo naci\u00f3 este juego y con qu\u00e9 prop\u00f3sito? Seminario web de presentaci\u00f3n del juego AGROCHALLENGES V\u00eddeos demostrativos de diferentes modos de juego Otros recursos educativos relacionados con el juego: Haga clic aqu\u00ed<\/p>\n","protected":false},"author":1,"featured_media":0,"parent":0,"menu_order":0,"comment_status":"closed","ping_status":"closed","template":"","meta":{"footnotes":""},"_links":{"self":[{"href":"http:\/\/www.agrochallenges.com\/index.php\/wp-json\/wp\/v2\/pages\/1372"}],"collection":[{"href":"http:\/\/www.agrochallenges.com\/index.php\/wp-json\/wp\/v2\/pages"}],"about":[{"href":"http:\/\/www.agrochallenges.com\/index.php\/wp-json\/wp\/v2\/types\/page"}],"author":[{"embeddable":true,"href":"http:\/\/www.agrochallenges.com\/index.php\/wp-json\/wp\/v2\/users\/1"}],"replies":[{"embeddable":true,"href":"http:\/\/www.agrochallenges.com\/index.php\/wp-json\/wp\/v2\/comments?post=1372"}],"version-history":[{"count":3,"href":"http:\/\/www.agrochallenges.com\/index.php\/wp-json\/wp\/v2\/pages\/1372\/revisions"}],"predecessor-version":[{"id":1461,"href":"http:\/\/www.agrochallenges.com\/index.php\/wp-json\/wp\/v2\/pages\/1372\/revisions\/1461"}],"wp:attachment":[{"href":"http:\/\/www.agrochallenges.com\/index.php\/wp-json\/wp\/v2\/media?parent=1372"}],"curies":[{"name":"wp","href":"https:\/\/api.w.org\/{rel}","templated":true}]}}