{"id":1374,"date":"2023-02-09T17:53:51","date_gmt":"2023-02-09T16:53:51","guid":{"rendered":"http:\/\/www.agrochallenges.com\/?page_id=1374"},"modified":"2023-02-10T15:38:24","modified_gmt":"2023-02-10T14:38:24","slug":"recursos-2","status":"publish","type":"page","link":"http:\/\/www.agrochallenges.com\/index.php\/pt\/recursos-2\/","title":{"rendered":"Recursos"},"content":{"rendered":"\n<h2>\n\t\tApresenta\u00e7\u00e3o dos Jogos AGROCHALLENGES\n\t<\/h2>\n\t<iframe loading=\"lazy\" width=\"1000\" height=\"563\" src=\"https:\/\/www.youtube.com\/embed\/6yUOjrWafDY\" title=\"YouTube video player\" frameborder=\"0\" allow=\"accelerometer; autoplay; clipboard-write; encrypted-media; gyroscope; picture-in-picture; web-share\" allowfullscreen><\/iframe>\n<h2>\n\t\tComo nasceu este jogo e com que prop\u00f3sito?\n\t<\/h2>\n\t<iframe loading=\"lazy\" width=\"1000\" height=\"563\" src=\"https:\/\/www.youtube.com\/embed\/hhPzRS79HQA\" title=\"YouTube video player\" frameborder=\"0\" allow=\"accelerometer; autoplay; clipboard-write; encrypted-media; gyroscope; picture-in-picture; web-share\" allowfullscreen><\/iframe>\n<h2>\n\t\tWebinar de apresenta\u00e7\u00e3o do jogo AGROCHALLENGES\n\t<\/h2>\n\t<iframe loading=\"lazy\" title=\"vimeo-player\" src=\"https:\/\/player.vimeo.com\/video\/533523809?h=d3043f1a50\" width=\"1000\" height=\"450\" frameborder=\"0\" allowfullscreen><\/iframe>\n<h2>\n\t\tV\u00eddeos de demonstra\u00e7\u00e3o de diferentes modos de jogo\n\t<\/h2>\n\t<iframe loading=\"lazy\" width=\"1000\" height=\"563\" src=\"https:\/\/www.youtube.com\/embed\/GT_LK-p9Jeg\" title=\"YouTube video player\" frameborder=\"0\" allow=\"accelerometer; autoplay; clipboard-write; encedia; gyroscope; picture-in-picture; web-share\" allowfullscreen><\/iframe>\n\t<iframe loading=\"lazy\" width=\"1000\" height=\"563\" src=\"https:\/\/www.youtube.com\/embed\/yuM0hlmklcM\" title=\"YouTube video player\" frameborder=\"0\" allow=\"accelerometer; autoplay; clipboard-write; encrypted-media; gyroscope; picture-in-picture; web-share\" allowfullscreen><\/iframe>\n\t<iframe loading=\"lazy\" width=\"1000\" height=\"563\" src=\"https:\/\/www.youtube.com\/embed\/tcK-42X6DNU\" title=\"YouTube video player\" frameborder=\"0\" allow=\"accelerometer; autoplay; clipboard-write; encrypted-media; gyroscope; picture-in-picture; web-share\" allowfullscreen><\/iframe>\n\t<p>Mais recursos educacionais sobre o jogo:<\/p>\n\t\t\t<a href=\"https:\/\/red.educagri.fr\/agrochallenges-2\/\" target=\"_self\" role=\"button\" rel=\"noopener\">\n\t\t\t\t\t\tClique aqui\n\t\t\t\t\t<\/a>\n\n","protected":false},"excerpt":{"rendered":"<p>Apresenta\u00e7\u00e3o dos Jogos AGROCHALLENGES Como nasceu este jogo e com que prop\u00f3sito? Webinar de apresenta\u00e7\u00e3o do jogo AGROCHALLENGES V\u00eddeos de demonstra\u00e7\u00e3o de diferentes modos de jogo Mais recursos educacionais sobre o jogo: Clique aqui<\/p>\n","protected":false},"author":1,"featured_media":0,"parent":0,"menu_order":0,"comment_status":"closed","ping_status":"closed","template":"","meta":{"footnotes":""},"_links":{"self":[{"href":"http:\/\/www.agrochallenges.com\/index.php\/wp-json\/wp\/v2\/pages\/1374"}],"collection":[{"href":"http:\/\/www.agrochallenges.com\/index.php\/wp-json\/wp\/v2\/pages"}],"about":[{"href":"http:\/\/www.agrochallenges.com\/index.php\/wp-json\/wp\/v2\/types\/page"}],"author":[{"embeddable":true,"href":"http:\/\/www.agrochallenges.com\/index.php\/wp-json\/wp\/v2\/users\/1"}],"replies":[{"embeddable":true,"href":"http:\/\/www.agrochallenges.com\/index.php\/wp-json\/wp\/v2\/comments?post=1374"}],"version-history":[{"count":2,"href":"http:\/\/www.agrochallenges.com\/index.php\/wp-json\/wp\/v2\/pages\/1374\/revisions"}],"predecessor-version":[{"id":1460,"href":"http:\/\/www.agrochallenges.com\/index.php\/wp-json\/wp\/v2\/pages\/1374\/revisions\/1460"}],"wp:attachment":[{"href":"http:\/\/www.agrochallenges.com\/index.php\/wp-json\/wp\/v2\/media?parent=1374"}],"curies":[{"name":"wp","href":"https:\/\/api.w.org\/{rel}","templated":true}]}}