{"id":183,"date":"2023-02-09T12:59:46","date_gmt":"2023-02-09T11:59:46","guid":{"rendered":"http:\/\/www.agrochallenges.com\/?page_id=183"},"modified":"2024-06-28T16:52:20","modified_gmt":"2024-06-28T14:52:20","slug":"el-juego","status":"publish","type":"page","link":"http:\/\/www.agrochallenges.com\/index.php\/es\/el-juego\/","title":{"rendered":"Bienvenida"},"content":{"rendered":"\n\n\t\t\t\t<img loading=\"lazy\" decoding=\"async\" src=\"http:\/\/www.agrochallenges.com\/wp-content\/uploads\/2021\/06\/Logo_AG.jpg\" alt=\"Agrochallenges\" itemprop=\"image\" height=\"224\" width=\"224\" title=\"Logo_AG\" onerror=\"this.style.display='none'\"  \/>\n<h2>\n\t\tEl juego  de la agroecolog\u00eda\n\t<\/h2>\n\t<p>\u00a1Enfr\u00e9ntate a los desaf\u00edos de la agroecolog\u00eda! Aporta soluciones (cultivos de cobertura, proyectos colectivos, sistemas mixtos de cultivos y ganader\u00eda, las leguminosas) para los problemas relacionados con la agricultura de hoy (erosi\u00f3n del suelo, p\u00e9rdida de la biodiversidad, precios vol\u00e1tiles en la agricultura, alimentaci\u00f3n ultra procesada).<\/p>\n<p>AGROCHALLENGES posibilita la adquisici\u00f3n de conocimientos y la sensibilizaci\u00f3n al concepto de la agroecolog\u00eda, ya sea jugando solo o en equipo. A trav\u00e9s de los diferentes modos de juego (competici\u00f3n, cooperaci\u00f3n, estrategia) comparte tus conocimientos y exp\u00f3n tus ideas en forma de debate sobre los retos econ\u00f3micos, medioambientales, sociales, alimenticios y territoriales de la transici\u00f3n agroecol\u00f3gica.<\/p>\n\t\t\t\t<img loading=\"lazy\" decoding=\"async\" src=\"http:\/\/www.agrochallenges.com\/wp-content\/uploads\/2021\/06\/CARTES_AGRO_2.jpg\" alt=\"Agrochallenges\" itemprop=\"image\" height=\"1000\" width=\"426\" title=\"CARTES_AGRO_2\" onerror=\"this.style.display='none'\"  \/>\n\t\t\t\t<img loading=\"lazy\" decoding=\"async\" src=\"http:\/\/www.agrochallenges.com\/wp-content\/uploads\/2021\/06\/Agrochallenges_Image01.jpg\" alt=\"Agrochallenges\" itemprop=\"image\" height=\"1548\" width=\"862\" title=\"Agrochallenges_Image01\" onerror=\"this.style.display='none'\"  \/>\n\t<p>\u00a0La agroecolog\u00eda es una manera de concebir sistemas de producci\u00f3n que se sostengan en las funcionalidades que ofrecen los ecosistemas. Ampl\u00eda estas funcionalidades para reducir las presiones del medioambiente (por ejemplo, reducir las emisiones de gases de efecto invernadero, limitar al m\u00e1ximo el uso de insumos sint\u00e9ticos y de productos fitosanitarios&#8230;) y para conservar los recursos naturales (agua, energ\u00eda, sustancias minerales&#8230;). Se trata de aprovechar al m\u00e1ximo la naturaleza como factor de producci\u00f3n, manteniendo sus capacidades renovables.<\/p>\n\t\t\t\t<img loading=\"lazy\" decoding=\"async\" src=\"http:\/\/www.agrochallenges.com\/wp-content\/uploads\/2021\/06\/marainne.jpg\" alt=\"marainne\" itemprop=\"image\" height=\"525\" width=\"941\" title=\"marainne\" onerror=\"this.style.display='none'\"  \/>\n\t\t\t\t<img loading=\"lazy\" decoding=\"async\" src=\"http:\/\/www.agrochallenges.com\/wp-content\/uploads\/2021\/06\/Agrochallenge_Boxs_flag.jpg\" alt=\"Agochallenges\" itemprop=\"image\" height=\"1046\" width=\"2370\" title=\"Agrochallenge_Boxs_flag\" onerror=\"this.style.display='none'\"  \/>\n\t\t\t<a href=\"https:\/\/educagri-editions.fr\/notice?id=h%3A%3AT_DD02101DI\" target=\"_self\" role=\"button\" rel=\"noopener\">\n\t\t\t\t\t\tcompra el juego\n\t\t\t\t\t<\/a>\n\n","protected":false},"excerpt":{"rendered":"<p>El juego de la agroecolog\u00eda \u00a1Enfr\u00e9ntate a los desaf\u00edos de la agroecolog\u00eda! Aporta soluciones (cultivos de cobertura, proyectos colectivos, sistemas mixtos de cultivos y ganader\u00eda, las leguminosas) para los problemas relacionados con la agricultura de hoy (erosi\u00f3n del suelo, p\u00e9rdida de la biodiversidad, precios vol\u00e1tiles en la agricultura, alimentaci\u00f3n ultra procesada). AGROCHALLENGES posibilita la adquisici\u00f3n &hellip;<\/p>\n<p class=\"read-more\"> <a class=\"\" href=\"http:\/\/www.agrochallenges.com\/index.php\/es\/el-juego\/\"> <span class=\"screen-reader-text\">Bienvenida<\/span> Lire la suite\u00a0\u00bb<\/a><\/p>\n","protected":false},"author":1,"featured_media":0,"parent":0,"menu_order":0,"comment_status":"closed","ping_status":"closed","template":"","meta":{"footnotes":""},"_links":{"self":[{"href":"http:\/\/www.agrochallenges.com\/index.php\/wp-json\/wp\/v2\/pages\/183"}],"collection":[{"href":"http:\/\/www.agrochallenges.com\/index.php\/wp-json\/wp\/v2\/pages"}],"about":[{"href":"http:\/\/www.agrochallenges.com\/index.php\/wp-json\/wp\/v2\/types\/page"}],"author":[{"embeddable":true,"href":"http:\/\/www.agrochallenges.com\/index.php\/wp-json\/wp\/v2\/users\/1"}],"replies":[{"embeddable":true,"href":"http:\/\/www.agrochallenges.com\/index.php\/wp-json\/wp\/v2\/comments?post=183"}],"version-history":[{"count":5,"href":"http:\/\/www.agrochallenges.com\/index.php\/wp-json\/wp\/v2\/pages\/183\/revisions"}],"predecessor-version":[{"id":1545,"href":"http:\/\/www.agrochallenges.com\/index.php\/wp-json\/wp\/v2\/pages\/183\/revisions\/1545"}],"wp:attachment":[{"href":"http:\/\/www.agrochallenges.com\/index.php\/wp-json\/wp\/v2\/media?parent=183"}],"curies":[{"name":"wp","href":"https:\/\/api.w.org\/{rel}","templated":true}]}}