{"id":186,"date":"2023-02-09T13:01:14","date_gmt":"2023-02-09T12:01:14","guid":{"rendered":"http:\/\/www.agrochallenges.com\/?page_id=186"},"modified":"2024-06-28T16:53:25","modified_gmt":"2024-06-28T14:53:25","slug":"das-spiel","status":"publish","type":"page","link":"http:\/\/www.agrochallenges.com\/index.php\/de\/das-spiel\/","title":{"rendered":"Willkommen"},"content":{"rendered":"\n\n\t\t\t\t<img loading=\"lazy\" decoding=\"async\" src=\"http:\/\/www.agrochallenges.com\/wp-content\/uploads\/2021\/06\/Logo_AG.jpg\" alt=\"Agrochallenges\" itemprop=\"image\" height=\"224\" width=\"224\" title=\"Logo_AG\" onerror=\"this.style.display='none'\"  \/>\n<h2>\n\t\tDas Agrar\u00f6kologie-Spiel\n\t<\/h2>\n\t<p>Bew\u00e4ltigen Sie die Herausforderungen der Agrar\u00f6kologie! Finden Sie L\u00f6sungen (Zwischenfr\u00fcchte, gemeinsame Projekte, Komplement\u00e4rfr\u00fcchte und Tierhaltungen, H\u00fclsenfr\u00fcchte, usw.) f\u00fcr die Probleme im Zusammenhang mit der heutigen Landwirtschaft (Bodenerosion, Verlust der biologischen Vielfalt, volatile Agrarpreise, v\u00f6llig ver\u00e4nderte Ern\u00e4hrung, usw.). AgroChallenges bietet die M\u00f6glichkeit zum Kenntniserwerb und zur Sensibilisierung f\u00fcr das Konzept der<\/p>\n<p>Agrar\u00f6kologie. F\u00fcr Einzelspieler oder zum Spielen in der Gruppe. In verschiedenen Spielmodi (Konkurrenz, Kooperation, Strategie) k\u00f6nnen die Spieler ihre Kenntnisse teilen und \u00fcber Ideen rund um die wirtschaftlichen, \u00f6kologischen, sozialen, ern\u00e4hrungsbezogenen und territorialen Aspekte des \u00dcbergangs zur Agro\u00f6kologie diskutieren.<\/p>\n\t\t\t\t<img loading=\"lazy\" decoding=\"async\" src=\"http:\/\/www.agrochallenges.com\/wp-content\/uploads\/2021\/06\/CARTES_AGRO_2.jpg\" alt=\"Agrochallenges\" itemprop=\"image\" height=\"1000\" width=\"426\" title=\"CARTES_AGRO_2\" onerror=\"this.style.display='none'\"  \/>\n\t\t\t\t<img loading=\"lazy\" decoding=\"async\" src=\"http:\/\/www.agrochallenges.com\/wp-content\/uploads\/2021\/06\/Agrochallenges_Image01.jpg\" alt=\"Agrochallenges\" itemprop=\"image\" height=\"1548\" width=\"862\" title=\"Agrochallenges_Image01\" onerror=\"this.style.display='none'\"  \/>\n\t<p>Die Agrar\u00f6kologie ist eine Form der Planung von Produktionssystemen, die sich auf die von den \u00d6kosystemen gebotenen Funktionalit\u00e4ten st\u00fctzen. Sie erweitert diese mit dem Ziel der Verringerung der Umweltbelastung (z. B. Reduzierung von Treibhausgasemissionen, Minimierung des Einsatzes synthetischer D\u00fcngemittel und Pflanzenschutzmittel, usw.) sowie Erhaltung der nat\u00fcrlichen Ressourcen (Wasser, Energie, Mineralstoffe, usw.). Es geht darum, die Natur in maximalem Umfang als Produktionsfaktor zu nutzen und gleichzeitig ihre Erneuerungsf\u00e4higkeit zu erhalten.<\/p>\n\t\t\t\t<img loading=\"lazy\" decoding=\"async\" src=\"http:\/\/www.agrochallenges.com\/wp-content\/uploads\/2021\/06\/marainne.jpg\" alt=\"marainne\" itemprop=\"image\" height=\"525\" width=\"941\" title=\"marainne\" onerror=\"this.style.display='none'\"  \/>\n\t\t\t\t<img loading=\"lazy\" decoding=\"async\" src=\"http:\/\/www.agrochallenges.com\/wp-content\/uploads\/2021\/06\/Agrochallenge_Boxs_flag.jpg\" alt=\"Agochallenges\" itemprop=\"image\" height=\"1046\" width=\"2370\" title=\"Agrochallenge_Boxs_flag\" onerror=\"this.style.display='none'\"  \/>\n\t\t\t<a href=\"https:\/\/educagri-editions.fr\/notice?id=h%3A%3AT_DD1903\" target=\"_self\" role=\"button\" rel=\"noopener\">\n\t\t\t\t\t\tkauf das spiel\n\t\t\t\t\t<\/a>\n\n","protected":false},"excerpt":{"rendered":"<p>Das Agrar\u00f6kologie-Spiel Bew\u00e4ltigen Sie die Herausforderungen der Agrar\u00f6kologie! Finden Sie L\u00f6sungen (Zwischenfr\u00fcchte, gemeinsame Projekte, Komplement\u00e4rfr\u00fcchte und Tierhaltungen, H\u00fclsenfr\u00fcchte, usw.) f\u00fcr die Probleme im Zusammenhang mit der heutigen Landwirtschaft (Bodenerosion, Verlust der biologischen Vielfalt, volatile Agrarpreise, v\u00f6llig ver\u00e4nderte Ern\u00e4hrung, usw.). AgroChallenges bietet die M\u00f6glichkeit zum Kenntniserwerb und zur Sensibilisierung f\u00fcr das Konzept der Agrar\u00f6kologie. F\u00fcr Einzelspieler &hellip;<\/p>\n<p class=\"read-more\"> <a class=\"\" href=\"http:\/\/www.agrochallenges.com\/index.php\/de\/das-spiel\/\"> <span class=\"screen-reader-text\">Willkommen<\/span> Lire la suite\u00a0\u00bb<\/a><\/p>\n","protected":false},"author":1,"featured_media":0,"parent":0,"menu_order":0,"comment_status":"closed","ping_status":"closed","template":"","meta":{"footnotes":""},"_links":{"self":[{"href":"http:\/\/www.agrochallenges.com\/index.php\/wp-json\/wp\/v2\/pages\/186"}],"collection":[{"href":"http:\/\/www.agrochallenges.com\/index.php\/wp-json\/wp\/v2\/pages"}],"about":[{"href":"http:\/\/www.agrochallenges.com\/index.php\/wp-json\/wp\/v2\/types\/page"}],"author":[{"embeddable":true,"href":"http:\/\/www.agrochallenges.com\/index.php\/wp-json\/wp\/v2\/users\/1"}],"replies":[{"embeddable":true,"href":"http:\/\/www.agrochallenges.com\/index.php\/wp-json\/wp\/v2\/comments?post=186"}],"version-history":[{"count":5,"href":"http:\/\/www.agrochallenges.com\/index.php\/wp-json\/wp\/v2\/pages\/186\/revisions"}],"predecessor-version":[{"id":1546,"href":"http:\/\/www.agrochallenges.com\/index.php\/wp-json\/wp\/v2\/pages\/186\/revisions\/1546"}],"wp:attachment":[{"href":"http:\/\/www.agrochallenges.com\/index.php\/wp-json\/wp\/v2\/media?parent=186"}],"curies":[{"name":"wp","href":"https:\/\/api.w.org\/{rel}","templated":true}]}}