{"id":188,"date":"2023-02-09T13:01:50","date_gmt":"2023-02-09T12:01:50","guid":{"rendered":"http:\/\/www.agrochallenges.com\/?page_id=188"},"modified":"2024-06-28T16:54:45","modified_gmt":"2024-06-28T14:54:45","slug":"o-jogo","status":"publish","type":"page","link":"http:\/\/www.agrochallenges.com\/index.php\/pt\/o-jogo\/","title":{"rendered":"Bem-vindo"},"content":{"rendered":"\n\n\t\t\t\t<img loading=\"lazy\" decoding=\"async\" src=\"http:\/\/www.agrochallenges.com\/wp-content\/uploads\/2021\/06\/Logo_AG.jpg\" alt=\"Agrochallenges\" itemprop=\"image\" height=\"224\" width=\"224\" title=\"Logo_AG\" onerror=\"this.style.display='none'\"  \/>\n<h2>\n\t\tO jogo da Agroecologia  \n\t<\/h2>\n\t<p>\u00a0Encare os desafios da agroecologia ! Apresente solu\u00e7\u00f5es ( culturas intercaladas, projetos coletivos, associa\u00e7\u00e3o de culturas e pecu\u00e1ria, leguminosas, &#8230; ) aos problemas ligados \u00e0 agricultura de hoje (eros\u00e3o dos solos, perda de biodiversidade, pre\u00e7os agr\u00edcolas vol\u00e1teis, alimenta\u00e7\u00e3o ultraprocessada, &#8230; ).<\/p>\n<p>AGROCHALLENGES permite a constru\u00e7\u00e3o de conhecimentos sensibilizando ao conceito de Agroecologia, quer voc\u00ea jogue sozinho ou em equipe. Por meio de diferentes possibilidades de jogos (competitivos, cooperativos, estrat\u00e9gicos), os jogadores dividem seus conhecimentos e dialogam em forma de debate sobre quest\u00f5es econ\u00f4micas, ambientais, sociais, alimentares e territoriais da transi\u00e7\u00e3o agroecol\u00f3gica.<\/p>\n\t\t\t\t<img loading=\"lazy\" decoding=\"async\" src=\"http:\/\/www.agrochallenges.com\/wp-content\/uploads\/2021\/06\/CARTES_AGRO_2.jpg\" alt=\"Agrochallenges\" itemprop=\"image\" height=\"1000\" width=\"426\" title=\"CARTES_AGRO_2\" onerror=\"this.style.display='none'\"  \/>\n\t\t\t\t<img loading=\"lazy\" decoding=\"async\" src=\"http:\/\/www.agrochallenges.com\/wp-content\/uploads\/2021\/06\/Agrochallenges_Image01.jpg\" alt=\"Agrochallenges\" itemprop=\"image\" height=\"1548\" width=\"862\" title=\"Agrochallenges_Image01\" onerror=\"this.style.display='none'\"  \/>\n\t<p>La agroecolog\u00eda es una manera de concebir sistemas de producci\u00f3n que se sostengan en las funcionalidades que ofrecen los ecosistemas. Ampl\u00eda estas funcionalidades para reducir las presiones del medioambiente (por ejemplo, reducir las emisiones de gases de efecto invernadero, limitar al m\u00e1ximo el uso de insumos sint\u00e9ticos y de productos fitosanitarios&#8230;) y para conservar los recursos naturales (agua, energ\u00eda, sustancias minerales&#8230;). Se trata de aprovechar al m\u00e1ximo la naturaleza como factor de producci\u00f3n, manteniendo sus capacidades renovables.<\/p>\n\t\t\t\t<img loading=\"lazy\" decoding=\"async\" src=\"http:\/\/www.agrochallenges.com\/wp-content\/uploads\/2021\/06\/marainne.jpg\" alt=\"marainne\" itemprop=\"image\" height=\"525\" width=\"941\" title=\"marainne\" onerror=\"this.style.display='none'\"  \/>\n\t\t\t\t<img loading=\"lazy\" decoding=\"async\" src=\"http:\/\/www.agrochallenges.com\/wp-content\/uploads\/2023\/02\/Agrochallenge_Boxs_flag-2048x904br-2.jpg\" alt=\"Agrochallenge_Boxs_flag-2048x904br\" itemprop=\"image\" height=\"904\" width=\"2048\" title=\"Agrochallenge_Boxs_flag-2048x904br\" onerror=\"this.style.display='none'\"  \/>\n\t\t\t<a href=\"https:\/\/educagri-editions.fr\/notice?id=h%3A%3AT_DD1801&#038;queryId=634ec1e3-96c9-486e-b550-134f71a4a274&#038;posInSet=1\" target=\"_self\" role=\"button\" rel=\"noopener\">\n\t\t\t\t\t\tcompre o jogo\n\t\t\t\t\t<\/a>\n\n","protected":false},"excerpt":{"rendered":"<p>O jogo da Agroecologia \u00a0Encare os desafios da agroecologia ! Apresente solu\u00e7\u00f5es ( culturas intercaladas, projetos coletivos, associa\u00e7\u00e3o de culturas e pecu\u00e1ria, leguminosas, &#8230; ) aos problemas ligados \u00e0 agricultura de hoje (eros\u00e3o dos solos, perda de biodiversidade, pre\u00e7os agr\u00edcolas vol\u00e1teis, alimenta\u00e7\u00e3o ultraprocessada, &#8230; ). AGROCHALLENGES permite a constru\u00e7\u00e3o de conhecimentos sensibilizando ao conceito de &hellip;<\/p>\n<p class=\"read-more\"> <a class=\"\" href=\"http:\/\/www.agrochallenges.com\/index.php\/pt\/o-jogo\/\"> <span class=\"screen-reader-text\">Bem-vindo<\/span> Lire la suite\u00a0\u00bb<\/a><\/p>\n","protected":false},"author":1,"featured_media":0,"parent":0,"menu_order":0,"comment_status":"closed","ping_status":"closed","template":"","meta":{"footnotes":""},"_links":{"self":[{"href":"http:\/\/www.agrochallenges.com\/index.php\/wp-json\/wp\/v2\/pages\/188"}],"collection":[{"href":"http:\/\/www.agrochallenges.com\/index.php\/wp-json\/wp\/v2\/pages"}],"about":[{"href":"http:\/\/www.agrochallenges.com\/index.php\/wp-json\/wp\/v2\/types\/page"}],"author":[{"embeddable":true,"href":"http:\/\/www.agrochallenges.com\/index.php\/wp-json\/wp\/v2\/users\/1"}],"replies":[{"embeddable":true,"href":"http:\/\/www.agrochallenges.com\/index.php\/wp-json\/wp\/v2\/comments?post=188"}],"version-history":[{"count":6,"href":"http:\/\/www.agrochallenges.com\/index.php\/wp-json\/wp\/v2\/pages\/188\/revisions"}],"predecessor-version":[{"id":1547,"href":"http:\/\/www.agrochallenges.com\/index.php\/wp-json\/wp\/v2\/pages\/188\/revisions\/1547"}],"wp:attachment":[{"href":"http:\/\/www.agrochallenges.com\/index.php\/wp-json\/wp\/v2\/media?parent=188"}],"curies":[{"name":"wp","href":"https:\/\/api.w.org\/{rel}","templated":true}]}}