{"id":21,"date":"2021-06-07T12:55:07","date_gmt":"2021-06-07T10:55:07","guid":{"rendered":"http:\/\/www.agrochallenges.com\/?page_id=21"},"modified":"2023-02-10T15:39:19","modified_gmt":"2023-02-10T14:39:19","slug":"ressources","status":"publish","type":"page","link":"http:\/\/www.agrochallenges.com\/index.php\/ressources\/","title":{"rendered":"Ressources"},"content":{"rendered":"\n<h2>\n\t\tPr\u00e9sentation du jeu AGROCHALLENGES\n\t<\/h2>\n\t<iframe loading=\"lazy\" width=\"1000\" height=\"563\" src=\"https:\/\/www.youtube.com\/embed\/6yUOjrWafDY\" title=\"YouTube video player\" frameborder=\"0\" allow=\"accelerometer; autoplay; clipboard-write; encrypted-media; gyroscope; picture-in-picture; web-share\" allowfullscreen><\/iframe>\n<h2>\n\t\tComment est n\u00e9 ce jeu et dans quel but ?\n\t<\/h2>\n\t<iframe loading=\"lazy\" width=\"1000\" height=\"563\" src=\"https:\/\/www.youtube.com\/embed\/hhPzRS79HQA\" title=\"YouTube video player\" frameborder=\"0\" allow=\"accelerometer; autoplay; clipboard-write; encrypted-media; gyroscope; picture-in-picture; web-share\" allowfullscreen><\/iframe>\n<h2>\n\t\tWebinaire de pr\u00e9sentation du jeu AGROCHALLENGES\n\t<\/h2>\n\t<iframe loading=\"lazy\" title=\"vimeo-player\" src=\"https:\/\/player.vimeo.com\/video\/533523809?h=d3043f1a50\" width=\"1000\" height=\"450\" frameborder=\"0\" allowfullscreen><\/iframe>\n<h2>\n\t\tVid\u00e9os de d\u00e9monstration de diff\u00e9rents modes de jeu\n\t<\/h2>\n\t<iframe loading=\"lazy\" width=\"1000\" height=\"563\" src=\"https:\/\/www.youtube.com\/embed\/GT_LK-p9Jeg\" title=\"YouTube video player\" frameborder=\"0\" allow=\"accelerometer; autoplay; clipboard-write; encedia; gyroscope; picture-in-picture; web-share\" allowfullscreen><\/iframe>\n\t<iframe loading=\"lazy\" width=\"1000\" height=\"563\" src=\"https:\/\/www.youtube.com\/embed\/yuM0hlmklcM\" title=\"YouTube video player\" frameborder=\"0\" allow=\"accelerometer; autoplay; clipboard-write; encrypted-media; gyroscope; picture-in-picture; web-share\" allowfullscreen><\/iframe>\n\t<iframe loading=\"lazy\" width=\"1000\" height=\"563\" src=\"https:\/\/www.youtube.com\/embed\/tcK-42X6DNU\" title=\"YouTube video player\" frameborder=\"0\" allow=\"accelerometer; autoplay; clipboard-write; encrypted-media; gyroscope; picture-in-picture; web-share\" allowfullscreen><\/iframe>\n\t<p>Autres ressources p\u00e9dagogiques en lien avec le jeu :<\/p>\n\t\t\t<a href=\"https:\/\/red.educagri.fr\/agrochallenges-2\/\" target=\"_self\" role=\"button\" rel=\"noopener\">\n\t\t\t\t\t\tCliquez ici\n\t\t\t\t\t<\/a>\n\n","protected":false},"excerpt":{"rendered":"<p>Pr\u00e9sentation du jeu AGROCHALLENGES Comment est n\u00e9 ce jeu et dans quel but ? Webinaire de pr\u00e9sentation du jeu AGROCHALLENGES Vid\u00e9os de d\u00e9monstration de diff\u00e9rents modes de jeu Autres ressources p\u00e9dagogiques en lien avec le jeu : Cliquez ici<\/p>\n","protected":false},"author":1,"featured_media":0,"parent":0,"menu_order":0,"comment_status":"closed","ping_status":"closed","template":"","meta":{"footnotes":""},"_links":{"self":[{"href":"http:\/\/www.agrochallenges.com\/index.php\/wp-json\/wp\/v2\/pages\/21"}],"collection":[{"href":"http:\/\/www.agrochallenges.com\/index.php\/wp-json\/wp\/v2\/pages"}],"about":[{"href":"http:\/\/www.agrochallenges.com\/index.php\/wp-json\/wp\/v2\/types\/page"}],"author":[{"embeddable":true,"href":"http:\/\/www.agrochallenges.com\/index.php\/wp-json\/wp\/v2\/users\/1"}],"replies":[{"embeddable":true,"href":"http:\/\/www.agrochallenges.com\/index.php\/wp-json\/wp\/v2\/comments?post=21"}],"version-history":[{"count":12,"href":"http:\/\/www.agrochallenges.com\/index.php\/wp-json\/wp\/v2\/pages\/21\/revisions"}],"predecessor-version":[{"id":1463,"href":"http:\/\/www.agrochallenges.com\/index.php\/wp-json\/wp\/v2\/pages\/21\/revisions\/1463"}],"wp:attachment":[{"href":"http:\/\/www.agrochallenges.com\/index.php\/wp-json\/wp\/v2\/media?parent=21"}],"curies":[{"name":"wp","href":"https:\/\/api.w.org\/{rel}","templated":true}]}}