{"id":216,"date":"2023-02-09T15:29:03","date_gmt":"2023-02-09T14:29:03","guid":{"rendered":"http:\/\/www.agrochallenges.com\/?page_id=216"},"modified":"2023-07-11T15:02:51","modified_gmt":"2023-07-11T13:02:51","slug":"le-jeu","status":"publish","type":"page","link":"http:\/\/www.agrochallenges.com\/index.php\/le-jeu\/","title":{"rendered":"Le jeu"},"content":{"rendered":"\n\n\t\t\t\t<img loading=\"lazy\" decoding=\"async\" src=\"http:\/\/www.agrochallenges.com\/wp-content\/uploads\/2021\/06\/Logo_AG.jpg\" alt=\"Agrochallenges\" itemprop=\"image\" height=\"224\" width=\"224\" title=\"Logo_AG\" onerror=\"this.style.display='none'\"  \/>\n<h2>\n\t\tLe jeu de l&rsquo;agro\u00e9cologie\n\t<\/h2>\n\t<p>AGROCHALLENGES est un jeu de cartescompos\u00e9 de 21 cartes probl\u00e8mes et de 21 cartes solutions. Il permet d&rsquo;acqu\u00e9rir des connaissances et d&rsquo;\u00eatre sensibilis\u00e9 au concept d&rsquo;agro\u00e9cologie, en jouant seul ou en \u00e9quipe. Au travers de diff\u00e9rents modes de jeux (comp\u00e9titifs, coop\u00e9ratifs, strat\u00e9giques), partagez vos connaissances et confrontez vos id\u00e9es sous forme de d\u00e9bat, autour des enjeux \u00e9conomiques, environnementaux, sociaux, alimentaires et territoriaux de la transition agro\u00e9cologique.<\/p>\n<p>Le jeu met en avant une approche large du concept d&rsquo;agro\u00e9cologie, int\u00e9grant diff\u00e9rentes dimensions (agronomiques, environnementales, \u00e9conomiques, sociales&#8230;) et \u00e9chelles (locales et globales).<\/p>\n<p>Il a \u00e9t\u00e9 con\u00e7u comme une \u00e9tape dans une s\u00e9quence p\u00e9dagogique plus longue permettant de travailler sur les repr\u00e9sentations des joueurs, d&rsquo;apporter quelques connaissances et d\u00e9finitions, de d\u00e9couvrir l&rsquo;approche syst\u00e9mique de l&rsquo;agro\u00e9cologie. Il favorise l&rsquo;implication des joueurs, suscite l&rsquo;organisation de d\u00e9bats et la curiosit\u00e9 de tous.<\/p>\n\t\t\t\t<img loading=\"lazy\" decoding=\"async\" src=\"http:\/\/www.agrochallenges.com\/wp-content\/uploads\/2023\/02\/IMG-20230209-WA0007.jpg\" alt=\"IMG-20230209-WA0007\" itemprop=\"image\" height=\"967\" width=\"1324\" title=\"IMG-20230209-WA0007\" onerror=\"this.style.display='none'\"  \/>\n<h2>\n\t\tL&rsquo;histoire d&rsquo;Agrochallenges\n\t<\/h2>\n\t<p>Ce jeu a \u00e9t\u00e9 imagin\u00e9 et d\u00e9velopp\u00e9 par Quentin Vaulot (designer), Danuta Rzewuki et Vincent Rousval (RED\/Minist\u00e8re de l&rsquo;agriculture et de l&rsquo;alimentation) lors d&rsquo;un s\u00e9minaire franco-br\u00e9silien sur l&rsquo;agro\u00e9cologie (2015 &#8211; Lyc\u00e9e agricole d&rsquo;Arras) impliquant des \u00e9tudiants des enseignements agricoles des deux pays.<\/p>\n<p>AGROCHALLENGES est disponible en 5 versions: fran\u00e7aise, franco-allemande, anglaise, espagnole et franco-portugaise.<\/p>\n<h2>\n\t\tPlusieurs modes de jeu\n\t<\/h2>\n\t\t\t\t<img loading=\"lazy\" decoding=\"async\" src=\"http:\/\/www.agrochallenges.com\/wp-content\/uploads\/2023\/02\/Jouable.png\" alt=\"Jouable\" itemprop=\"image\" height=\"264\" width=\"578\" title=\"Jouable\" onerror=\"this.style.display='none'\"  \/>\n\t\t\t<a href=\"\" target=\"_self\" role=\"button\" rel=\"noopener\">\n\t\t\t\t\t\t\tAgroMind\n\t\t\t\t\t<\/a>\n\tMode comp\u00e9tition &#8211; Individuel &#8211;<br \/>\nPour d\u00e9couvrir les principales d\u00e9finitions de l&rsquo;agro\u00e9cologie, encourager les joueurs \u00e0 partager leurs connaissances et r\u00e9flexions sur l&rsquo;agriculture, l&rsquo;environnement&#8230;\n\t\t\t<a href=\"\" target=\"_self\" role=\"button\" rel=\"noopener\">\n\t\t\t\t\t\t\tAgroWin\n\t\t\t\t\t<\/a>\n\tMode comp\u00e9tition &#8211; Individuel &#8211;<br \/>\nPour d\u00e9couvrir les principales d\u00e9finitions de l&rsquo;agro\u00e9cologie, encourager les joueurs \u00e0 partager leurs connaissances et r\u00e9flexions sur l&rsquo;agriculture, l&rsquo;environnement&#8230;\n\t\t\t<a href=\"\" target=\"_self\" role=\"button\" rel=\"noopener\">\n\t\t\t\t\t\t\tAgroFun\n\t\t\t\t\t<\/a>\n\t<p>Mode coop\u00e9ration &#8211; En \u00e9quipe &#8211; Pour proposer un temps d&rsquo;approfondissement et de compr\u00e9hension des solutions, des probl\u00e8mes et des combinaisons propos\u00e9s dans le jeu.<\/p>\n\t\t\t<a href=\"\" target=\"_self\" role=\"button\" rel=\"noopener\">\n\t\t\t\t\t\t\tAgroSpeed\n\t\t\t\t\t<\/a>\n\tMode comp\u00e9tition &#8211; Individuel &#8211;<br \/>\nPour valider les connaissances, s&rsquo;amuser et tester ses r\u00e9flexes\n\t\t\t<a href=\"\" target=\"_self\" role=\"button\" rel=\"noopener\">\n\t\t\t\t\t\t\tAgroBox\n\t\t\t\t\t<\/a>\n\tPour aller plus loin &#8211; Groupe entier &#8211;<br \/>\nPrendre conscience de la dimension pluridisciplinaire et syst\u00e9mique de l&rsquo;agro\u00e9cologie, et de ses enjeux sur le long terme.\n\t\t\t<a href=\"\" target=\"_self\" role=\"button\" rel=\"noopener\">\n\t\t\t\t\t\t\tAgroSpace\n\t\t\t\t\t<\/a>\n\tPour aller plus loin &#8211; Groupe entier &#8211;<br \/>\nPrendre conscience de la dimension pluridisciplinaire et syst\u00e9mique de l&rsquo;agro\u00e9cologie, et de ses enjeux sur le long terme.\n<h2>\n\t\tPoints Forts\n\t<\/h2>\n\t<p>Adress\u00e9 \u00e0 un large public : \u00e9tudiants, enseignants, professionnels agricoles amateurs d&rsquo;agro\u00e9cologie&#8230;<\/p>\n\t<p>Adapt\u00e9 \u00e0 un usage \u00e9ducatif, en formation agricole, \u00e9ducation au d\u00e9veloppement durable&#8230;<\/p>\n\t<p>Permet d&rsquo;impliquer les joueurs, et \u00e0 partir de leur niveau de connaissance sur le sujet, de cr\u00e9er du d\u00e9bat, d&rsquo;encourager l&rsquo;engagement et de susciter la curiosit\u00e9.<\/p>\n\t<p>S&rsquo;int\u00e8gre facilement dans les modules de l&rsquo;enseignement agricole et scientifique (agronomie, \u00e9tude du territoire, \u00e9cologie\/biologie, MIL, EIE&#8230;).<\/p>\n\tSerious game con\u00e7u et test\u00e9 avec de nombreux partenaires de pays \u00e9trangers<br \/>\n(Canada, S\u00e9n\u00e9gal, Espagne, Portugal, Br\u00e9sil, Chili, Allemagne, Angleterre&#8230;).\n<h2>\n\t\tContenu du jeu\n\t<\/h2>\n\t<p>21 cartes Probl\u00e8mes<\/p>\n<p>21 cartes Solutions<\/p>\n<p>2 cartes M\u00e9mo d\u00e9finitions<\/p>\n<p>1 livret d&rsquo;accompagnement<\/p>\n\t\t\t\t<img loading=\"lazy\" decoding=\"async\" src=\"http:\/\/www.agrochallenges.com\/wp-content\/uploads\/2023\/02\/agro_view-scaled.jpg\" alt=\"agro_view\" itemprop=\"image\" height=\"894\" width=\"2560\" title=\"agro_view\" onerror=\"this.style.display='none'\"  \/>\n<h2>\n\t\tUn jeu universel !\n\t<\/h2>\n\t\t\t\t<img loading=\"lazy\" decoding=\"async\" src=\"http:\/\/www.agrochallenges.com\/wp-content\/uploads\/2021\/06\/Agrochallenge_Boxs_flag.jpg\" alt=\"Agochallenges\" itemprop=\"image\" height=\"1046\" width=\"2370\" title=\"Agrochallenge_Boxs_flag\" onerror=\"this.style.display='none'\"  \/>\n\t\t\t\t<a href=\"https:\/\/educagri-editions.fr\/notice?id=h%3A%3AT_DD1801&#038;queryId=220bbe6e-9228-4ad7-871b-ecf43c4b902a&#038;posInSet=1\" target=\"_blank\" rel=\"noopener\" itemprop=\"url\">\n\t\t\t\t<img loading=\"lazy\" decoding=\"async\" src=\"http:\/\/www.agrochallenges.com\/wp-content\/uploads\/2023\/02\/Educagri.png\" alt=\"Educagri\" itemprop=\"image\" height=\"253\" width=\"736\" title=\"Educagri\" onerror=\"this.style.display='none'\"  \/>\n\t\t\t\t<\/a>\n\n","protected":false},"excerpt":{"rendered":"<p>Le jeu de l&rsquo;agro\u00e9cologie AGROCHALLENGES est un jeu de cartescompos\u00e9 de 21 cartes probl\u00e8mes et de 21 cartes solutions. Il permet d&rsquo;acqu\u00e9rir des connaissances et d&rsquo;\u00eatre sensibilis\u00e9 au concept d&rsquo;agro\u00e9cologie, en jouant seul ou en \u00e9quipe. Au travers de diff\u00e9rents modes de jeux (comp\u00e9titifs, coop\u00e9ratifs, strat\u00e9giques), partagez vos connaissances et confrontez vos id\u00e9es sous forme &hellip;<\/p>\n<p class=\"read-more\"> <a class=\"\" href=\"http:\/\/www.agrochallenges.com\/index.php\/le-jeu\/\"> <span class=\"screen-reader-text\">Le jeu<\/span> Lire la suite\u00a0\u00bb<\/a><\/p>\n","protected":false},"author":1,"featured_media":0,"parent":0,"menu_order":0,"comment_status":"closed","ping_status":"closed","template":"","meta":{"footnotes":""},"_links":{"self":[{"href":"http:\/\/www.agrochallenges.com\/index.php\/wp-json\/wp\/v2\/pages\/216"}],"collection":[{"href":"http:\/\/www.agrochallenges.com\/index.php\/wp-json\/wp\/v2\/pages"}],"about":[{"href":"http:\/\/www.agrochallenges.com\/index.php\/wp-json\/wp\/v2\/types\/page"}],"author":[{"embeddable":true,"href":"http:\/\/www.agrochallenges.com\/index.php\/wp-json\/wp\/v2\/users\/1"}],"replies":[{"embeddable":true,"href":"http:\/\/www.agrochallenges.com\/index.php\/wp-json\/wp\/v2\/comments?post=216"}],"version-history":[{"count":16,"href":"http:\/\/www.agrochallenges.com\/index.php\/wp-json\/wp\/v2\/pages\/216\/revisions"}],"predecessor-version":[{"id":1532,"href":"http:\/\/www.agrochallenges.com\/index.php\/wp-json\/wp\/v2\/pages\/216\/revisions\/1532"}],"wp:attachment":[{"href":"http:\/\/www.agrochallenges.com\/index.php\/wp-json\/wp\/v2\/media?parent=216"}],"curies":[{"name":"wp","href":"https:\/\/api.w.org\/{rel}","templated":true}]}}