{"id":221,"date":"2023-02-09T15:30:09","date_gmt":"2023-02-09T14:30:09","guid":{"rendered":"http:\/\/www.agrochallenges.com\/?page_id=221"},"modified":"2023-07-11T15:04:02","modified_gmt":"2023-07-11T13:04:02","slug":"das-spiel-3","status":"publish","type":"page","link":"http:\/\/www.agrochallenges.com\/index.php\/de\/das-spiel-3\/","title":{"rendered":"Das Spiel"},"content":{"rendered":"\n\n\t\t\t\t<img loading=\"lazy\" decoding=\"async\" src=\"http:\/\/www.agrochallenges.com\/wp-content\/uploads\/2021\/06\/Logo_AG.jpg\" alt=\"Agrochallenges\" itemprop=\"image\" height=\"224\" width=\"224\" title=\"Logo_AG\" onerror=\"this.style.display='none'\"  \/>\n<h2>\n\t\tDas Spiel der Agrar\u00f6kologie\n\t<\/h2>\n\t<p>AGROCHALLENGES ist ein Kartenspiel, das aus 21 Problemkarten und 21 L\u00f6sungskarten besteht. Es erm\u00f6glicht Ihnen, sich Wissen anzueignen und sich des Konzepts der Agrar\u00f6kologie bewusst zu werden, indem Sie alleine oder im Team spielen. Teilen Sie Ihr Wissen in verschiedenen Spielmodi (kompetitiv, kooperativ, strategisch) und konfrontieren Sie Ihre Ideen in Form einer Debatte \u00fcber die wirtschaftlichen, \u00f6kologischen, sozialen, ern\u00e4hrungsbezogenen und territorialen Fragen des agrar\u00f6kologischen \u00dcbergangs.<\/p>\n<p>Das Spiel unterstreicht einen breiten Ansatz f\u00fcr das Konzept der Agrar\u00f6kologie und integriert verschiedene Dimensionen (agronomisch, \u00f6kologisch, wirtschaftlich, sozial usw.) und Ma\u00dfst\u00e4be (lokal und global).<\/p>\n<p>Es wurde als Schritt in einer l\u00e4ngeren Bildungssequenz konzipiert, die es erm\u00f6glicht, an den Darstellungen der Akteure zu arbeiten, Wissen und Definitionen bereitzustellen und den systemischen Ansatz der Agrar\u00f6kologie zu entdecken. Es f\u00f6rdert die Beteiligung der Akteure, weckt die Organisation von Debatten und die Neugier aller.<\/p>\n\t\t\t\t<img loading=\"lazy\" decoding=\"async\" src=\"http:\/\/www.agrochallenges.com\/wp-content\/uploads\/2023\/02\/IMG-20230209-WA0007.jpg\" alt=\"IMG-20230209-WA0007\" itemprop=\"image\" height=\"967\" width=\"1324\" title=\"IMG-20230209-WA0007\" onerror=\"this.style.display='none'\"  \/>\n<h2>\n\t\tDie Geschichte von Agrochallenges\n\t<\/h2>\n\t<p>Dieses Spiel wurde von Quentin Vaulot (Designer), Danuta Rzewuki und Vincent Rousval (RED\/Ministerium f\u00fcr Landwirtschaft und Ern\u00e4hrung) w\u00e4hrend eines franz\u00f6sisch-brasilianischen Seminars \u00fcber Agrar\u00f6kologie (2015 &#8211; Lyc\u00e9e agricole d&rsquo;Arras) erdacht und entwickelt, an dem Agrarstudenten aus beiden L\u00e4ndern teilnahmen .<\/p>\n<p>AGROCHALLENGES ist in 5 Versionen erh\u00e4ltlich: Franz\u00f6sisch, Deutsch-Franz\u00f6sisch, Englisch, Spanisch und Portugiesisch-Franz\u00f6sisch.<\/p>\n<h2>\n\t\tMehrere Spielmodi\n\t<\/h2>\n\t\t\t\t<img loading=\"lazy\" decoding=\"async\" src=\"http:\/\/www.agrochallenges.com\/wp-content\/uploads\/2023\/02\/Jouable.png\" alt=\"Jouable\" itemprop=\"image\" height=\"264\" width=\"578\" title=\"Jouable\" onerror=\"this.style.display='none'\"  \/>\n\t\t\t<a href=\"\" target=\"_self\" role=\"button\" rel=\"noopener\">\n\t\t\t\t\t\t\tAgroMind\n\t\t\t\t\t<\/a>\n\tWettkampfmodus &#8211; Individuell &#8211;<br \/>\nUm die wichtigsten Definitionen der Agrar\u00f6kologie zu entdecken, ermutigen Sie die Spieler, ihr Wissen und ihre Gedanken \u00fcber Landwirtschaft, Umwelt &#8230;\n\t\t\t<a href=\"\" target=\"_self\" role=\"button\" rel=\"noopener\">\n\t\t\t\t\t\t\tAgroWin\n\t\t\t\t\t<\/a>\n\tWettkampfmodus &#8211; Individuell &#8211;<br \/>\nUm die wichtigsten Definitionen der Agrar\u00f6kologie zu entdecken, ermutigen Sie die Spieler, ihr Wissen und ihre Gedanken \u00fcber Landwirtschaft, Umwelt &#8230;\n\t\t\t<a href=\"\" target=\"_self\" role=\"button\" rel=\"noopener\">\n\t\t\t\t\t\t\tAgroFun\n\t\t\t\t\t<\/a>\n\t<p>Kooperationsmodus &#8211; Als Team &#8211; Um eine Zeit zum Vertiefen und Verstehen der im Spiel angebotenen L\u00f6sungen, Probleme und Kombinationen anzubieten.<\/p>\n\t\t\t<a href=\"\" target=\"_self\" role=\"button\" rel=\"noopener\">\n\t\t\t\t\t\t\tAgroSpeed\n\t\t\t\t\t<\/a>\n\tWettkampfmodus &#8211; Individuell &#8211;<br \/>\nUm Wissen zu validieren, Spa\u00df zu haben und Ihre Reflexe zu testen\n\t\t\t<a href=\"\" target=\"_self\" role=\"button\" rel=\"noopener\">\n\t\t\t\t\t\t\tAgroBox\n\t\t\t\t\t<\/a>\n\tUm weiter zu gehen &#8211; Ganze Gruppe &#8211;<br \/>\nMachen Sie sich die multidisziplin\u00e4re und systemische Dimension der Agrar\u00f6kologie und ihre langfristigen Herausforderungen bewusst.\n\t\t\t<a href=\"\" target=\"_self\" role=\"button\" rel=\"noopener\">\n\t\t\t\t\t\t\tAgroSpace\n\t\t\t\t\t<\/a>\n\tUm weiter zu gehen &#8211; Ganze Gruppe &#8211;<br \/>\nMachen Sie sich die multidisziplin\u00e4re und systemische Dimension der Agrar\u00f6kologie und ihre langfristigen Herausforderungen bewusst.\n<h2>\n\t\tStarke Punkte\n\t<\/h2>\n\t<p>Richtet sich an ein breites Publikum: Studenten, Lehrer, landwirtschaftliche Fachleute, die Agrar\u00f6kologie lieben&#8230;<\/p>\n\t<p>Adapt\u00e9 \u00e0 un usage \u00e9ducatif, en formation agricole, \u00e9ducation au d\u00e9veloppement durable&#8230;<\/p>\n\t<p>Erm\u00f6glicht es den Spielern, sich zu beteiligen und basierend auf ihrem Wissensstand zum Thema Debatten anzuregen, Engagement zu f\u00f6rdern und Neugier zu wecken.<\/p>\n\t<p>Leicht integrierbar in landwirtschaftliche und naturwissenschaftliche Lehrmodule (Agronomie, Landkunde, \u00d6kologie\/Biologie, MIL, UVP etc.).<\/p>\n\tSerious Game entwickelt und getestet mit vielen Partnern aus dem Ausland<br \/>\n(Kanada, Senegal, Spanien, Portugal, Brasilien, Chile, Deutschland, England&#8230;) landwirtschaftliche und naturwissenschaftliche Bildungsmodule (Agronomie, Landkunde, \u00d6kologie\/Biologie, MIL, UVP&#8230;).\n<h2>\n\t\tSpielinhalt\n\t<\/h2>\n\t<p>21 Problemkarten<\/p>\n<p>21 L\u00f6sungskarten<\/p>\n<p>2 Memokarten-Definitionen<\/p>\n<p>1 Begleitheft<\/p>\n\t\t\t\t<img loading=\"lazy\" decoding=\"async\" src=\"http:\/\/www.agrochallenges.com\/wp-content\/uploads\/2023\/02\/agro_view-scaled.jpg\" alt=\"agro_view\" itemprop=\"image\" height=\"894\" width=\"2560\" title=\"agro_view\" onerror=\"this.style.display='none'\"  \/>\n<h2>\n\t\tEin universelles Spiel!\n\t<\/h2>\n\t\t\t\t<img loading=\"lazy\" decoding=\"async\" src=\"http:\/\/www.agrochallenges.com\/wp-content\/uploads\/2021\/06\/Agrochallenge_Boxs_flag.jpg\" alt=\"Agochallenges\" itemprop=\"image\" height=\"1046\" width=\"2370\" title=\"Agrochallenge_Boxs_flag\" onerror=\"this.style.display='none'\"  \/>\n\t\t\t\t<a href=\"https:\/\/educagri-editions.fr\/notice?id=h%3A%3AT_DD1903&#038;queryId=220bbe6e-9228-4ad7-871b-ecf43c4b902a&#038;posInSet=3\" target=\"_blank\" rel=\"noopener\" itemprop=\"url\">\n\t\t\t\t<img loading=\"lazy\" decoding=\"async\" src=\"http:\/\/www.agrochallenges.com\/wp-content\/uploads\/2023\/02\/Educagri.png\" alt=\"Educagri\" itemprop=\"image\" height=\"253\" width=\"736\" title=\"Educagri\" onerror=\"this.style.display='none'\"  \/>\n\t\t\t\t<\/a>\n\n","protected":false},"excerpt":{"rendered":"<p>Das Spiel der Agrar\u00f6kologie AGROCHALLENGES ist ein Kartenspiel, das aus 21 Problemkarten und 21 L\u00f6sungskarten besteht. Es erm\u00f6glicht Ihnen, sich Wissen anzueignen und sich des Konzepts der Agrar\u00f6kologie bewusst zu werden, indem Sie alleine oder im Team spielen. Teilen Sie Ihr Wissen in verschiedenen Spielmodi (kompetitiv, kooperativ, strategisch) und konfrontieren Sie Ihre Ideen in Form &hellip;<\/p>\n<p class=\"read-more\"> <a class=\"\" href=\"http:\/\/www.agrochallenges.com\/index.php\/de\/das-spiel-3\/\"> <span class=\"screen-reader-text\">Das Spiel<\/span> Lire la suite\u00a0\u00bb<\/a><\/p>\n","protected":false},"author":1,"featured_media":0,"parent":0,"menu_order":0,"comment_status":"closed","ping_status":"closed","template":"","meta":{"footnotes":""},"_links":{"self":[{"href":"http:\/\/www.agrochallenges.com\/index.php\/wp-json\/wp\/v2\/pages\/221"}],"collection":[{"href":"http:\/\/www.agrochallenges.com\/index.php\/wp-json\/wp\/v2\/pages"}],"about":[{"href":"http:\/\/www.agrochallenges.com\/index.php\/wp-json\/wp\/v2\/types\/page"}],"author":[{"embeddable":true,"href":"http:\/\/www.agrochallenges.com\/index.php\/wp-json\/wp\/v2\/users\/1"}],"replies":[{"embeddable":true,"href":"http:\/\/www.agrochallenges.com\/index.php\/wp-json\/wp\/v2\/comments?post=221"}],"version-history":[{"count":3,"href":"http:\/\/www.agrochallenges.com\/index.php\/wp-json\/wp\/v2\/pages\/221\/revisions"}],"predecessor-version":[{"id":1535,"href":"http:\/\/www.agrochallenges.com\/index.php\/wp-json\/wp\/v2\/pages\/221\/revisions\/1535"}],"wp:attachment":[{"href":"http:\/\/www.agrochallenges.com\/index.php\/wp-json\/wp\/v2\/media?parent=221"}],"curies":[{"name":"wp","href":"https:\/\/api.w.org\/{rel}","templated":true}]}}