{"id":223,"date":"2023-02-09T15:30:27","date_gmt":"2023-02-09T14:30:27","guid":{"rendered":"http:\/\/www.agrochallenges.com\/?page_id=223"},"modified":"2023-07-11T15:03:40","modified_gmt":"2023-07-11T13:03:40","slug":"el-juego-2","status":"publish","type":"page","link":"http:\/\/www.agrochallenges.com\/index.php\/es\/el-juego-2\/","title":{"rendered":"El juego"},"content":{"rendered":"\n\n\t\t\t\t<img loading=\"lazy\" decoding=\"async\" src=\"http:\/\/www.agrochallenges.com\/wp-content\/uploads\/2021\/06\/Logo_AG.jpg\" alt=\"Agrochallenges\" itemprop=\"image\" height=\"224\" width=\"224\" title=\"Logo_AG\" onerror=\"this.style.display='none'\"  \/>\n<h2>\n\t\tEl juego de Agroecolog\u00eda\n\t<\/h2>\n\t<p>AGROCHALLENGES es un juego de cartas compuesto de 21 cartas con problemas y de 21 cartas con soluciones. Permite adquirir cualquier conocimiento y sensibilizarse al concepto de agroecolog\u00eda. Solo u en equipo, el juego permite encontrar soluciones a los desaf\u00edos y problemas que debe asumir la agricultura.<\/p>\n<p>El juego subraya un enfoque largo del concepto de agroecolog\u00eda, integrando diferentes dimensiones (agron\u00f3micas, ambientales, econ\u00f3micas, sociales&#8230;) y escalas (locales y globales).<\/p>\n<p>Fue concebido como una etapa dentro de una secuencia pedag\u00f3gica m\u00e1s larga que permite trabajar sobre las representaciones de los jugadores, llevar cualquier conocimiento y definiciones, descubrir el enfoque sist\u00e9mico de la agroecolog\u00eda. Favorece la implicaci\u00f3n de los jugadores, suscita la creaci\u00f3n de debates y la curiosidad de todos.<\/p>\n\t\t\t\t<img loading=\"lazy\" decoding=\"async\" src=\"http:\/\/www.agrochallenges.com\/wp-content\/uploads\/2023\/02\/IMG-20230209-WA0007.jpg\" alt=\"IMG-20230209-WA0007\" itemprop=\"image\" height=\"967\" width=\"1324\" title=\"IMG-20230209-WA0007\" onerror=\"this.style.display='none'\"  \/>\n<h2>\n\t\tLa historia de Agrochallenges\n\t<\/h2>\n\t<p>Este juego fue imaginado y desarrollado por Quentin Vaulot (dise\u00f1ador), Danuta Rzewuki y Vincent Rousval, (RED\/Ministerio franc\u00e9s de la agricultura y de la alimentaci\u00f3n) durante u seminario franco-brasile\u00f1o sobre agroecolog\u00eda (2015 &#8211; Instituto agr\u00edcola de Arras en Francia). Este seminario implic\u00f3 a los estudiantes de la ense\u00f1anza agr\u00edcola de ambos pa\u00edses.<\/p>\n<p>AGROCHALLENGES est\u00e1 disponible en cinco idiomas: una versi\u00f3n francesa, una franco- alemana, una inglesa, una espa\u00f1ola y otra franco-portuguesa.<\/p>\n<h2>\n\t\tDiferentes modos de juego\n\t<\/h2>\n\t\t\t\t<img loading=\"lazy\" decoding=\"async\" src=\"http:\/\/www.agrochallenges.com\/wp-content\/uploads\/2023\/02\/Jouable.png\" alt=\"Jouable\" itemprop=\"image\" height=\"264\" width=\"578\" title=\"Jouable\" onerror=\"this.style.display='none'\"  \/>\n\t\t\t<a href=\"\" target=\"_self\" role=\"button\" rel=\"noopener\">\n\t\t\t\t\t\t\tAgroMind\n\t\t\t\t\t<\/a>\n\tMode competitivo &#8211; Individual &#8211;<br \/>\nPara descubrir las principales definiciones de la agroecolog\u00eda, animar a los jugadores a compartir sus conocimientos y reflexiones sobre agricultura, ambiente&#8230;\n\t\t\t<a href=\"\" target=\"_self\" role=\"button\" rel=\"noopener\">\n\t\t\t\t\t\t\tAgroWin\n\t\t\t\t\t<\/a>\n\tMode competitivo &#8211; Individual &#8211;<br \/>\nPara descubrir las principales definiciones de la agroecolog\u00eda, animar a los jugadores a compartir sus conocimientos y reflexiones sobre agricultura, ambiente&#8230;\n\t\t\t<a href=\"\" target=\"_self\" role=\"button\" rel=\"noopener\">\n\t\t\t\t\t\t\tAgroFun\n\t\t\t\t\t<\/a>\n\tMode cooperativo &#8211; En equipo &#8211;<br \/>\nPara proponer un tiempo de profundizaci\u00f3n y de comprensi\u00f3n de las soluciones, de los problemas y de las combinaciones propuestas en el juego.\n\t\t\t<a href=\"\" target=\"_self\" role=\"button\" rel=\"noopener\">\n\t\t\t\t\t\t\tAgroSpeed\n\t\t\t\t\t<\/a>\n\tMode competitivo &#8211; Individual &#8211;<br \/>\nPara validar los conocimientos, divertirse y probar sus reflejos.\n\t\t\t<a href=\"\" target=\"_self\" role=\"button\" rel=\"noopener\">\n\t\t\t\t\t\t\tAgroBox\n\t\t\t\t\t<\/a>\n\tPara descubrir el juego de manera m\u00e1s profunda &#8211; Grupo entero &#8211;<br \/>\nPara tomar consciencia de la dimensi\u00f3n pluridisciplinaria y sist\u00e9mica de agroecolog\u00eda y de su enfoque a largo plazo..\n\t\t\t<a href=\"\" target=\"_self\" role=\"button\" rel=\"noopener\">\n\t\t\t\t\t\t\tAgroSpace\n\t\t\t\t\t<\/a>\n\tPara descubrir el juego de manera m\u00e1s profunda &#8211; Grupo entero &#8211;<br \/>\nPara tomar consciencia de la dimensi\u00f3n pluridisciplinaria y sist\u00e9mica de agroecolog\u00eda y de su enfoque a largo plazo..\n<h2>\n\t\tPuntos Fuertes:\n\t<\/h2>\n\t<p>Dirigido por un p\u00fablico largo : estudiantes, profesores (docentes\/ educadores) , aficionados d e agroecolog\u00eda&#8230;<\/p>\n\t<p>Adaptado por un uso educativo, en formaci\u00f3n agr\u00edcola , educaci\u00f3n al desarrollo sostenible&#8230;<\/p>\n\t<p>Permite implicar a los jugadores , conocer el nivel de conocimiento sobre el asunto, crear debates, suscitar la curiosidad y el compromiso.<\/p>\n\t<p>\u2022Se integra f\u00e1cilmente dentro de m\u00f3dulos de la ense\u00f1anza agr\u00edcola y cient\u00edfica (agronom\u00eda, estudios territoriales, ecolog\u00eda, biolog\u00eda&#8230;).<\/p>\n\t<p>Juego serio concebido y probado con varias parejas de pa\u00edses extranjeros (Canada, Senegal, Espa\u00f1a, Portugal, Brasil, Chile, Alema\u00f1a, Inglaterra&#8230;)<\/p>\n<h2>\n\t\tContenido del juego\n\t<\/h2>\n\t<p>21 cartas de problemas<\/p>\n<p>21 tarjetas de soluci\u00f3n<\/p>\n<p>2 definiciones de tarjetas de notas<\/p>\n<p>1 folleto adjunto<\/p>\n\t\t\t\t<img loading=\"lazy\" decoding=\"async\" src=\"http:\/\/www.agrochallenges.com\/wp-content\/uploads\/2023\/02\/agro_view-scaled.jpg\" alt=\"agro_view\" itemprop=\"image\" height=\"894\" width=\"2560\" title=\"agro_view\" onerror=\"this.style.display='none'\"  \/>\n<h2>\n\t\t\u00a1Un juego universal!\n\t<\/h2>\n\t\t\t\t<img loading=\"lazy\" decoding=\"async\" src=\"http:\/\/www.agrochallenges.com\/wp-content\/uploads\/2021\/06\/Agrochallenge_Boxs_flag.jpg\" alt=\"Agochallenges\" itemprop=\"image\" height=\"1046\" width=\"2370\" title=\"Agrochallenge_Boxs_flag\" onerror=\"this.style.display='none'\"  \/>\n\t\t\t\t<a href=\"https:\/\/educagri-editions.fr\/notice?id=h%3A%3AT_DD02101DI&#038;queryId=220bbe6e-9228-4ad7-871b-ecf43c4b902a&#038;posInSet=2\" target=\"_blank\" rel=\"noopener\" itemprop=\"url\">\n\t\t\t\t<img loading=\"lazy\" decoding=\"async\" src=\"http:\/\/www.agrochallenges.com\/wp-content\/uploads\/2023\/02\/Educagri.png\" alt=\"Educagri\" itemprop=\"image\" height=\"253\" width=\"736\" title=\"Educagri\" onerror=\"this.style.display='none'\"  \/>\n\t\t\t\t<\/a>\n\n","protected":false},"excerpt":{"rendered":"<p>El juego de Agroecolog\u00eda AGROCHALLENGES es un juego de cartas compuesto de 21 cartas con problemas y de 21 cartas con soluciones. Permite adquirir cualquier conocimiento y sensibilizarse al concepto de agroecolog\u00eda. Solo u en equipo, el juego permite encontrar soluciones a los desaf\u00edos y problemas que debe asumir la agricultura. El juego subraya un &hellip;<\/p>\n<p class=\"read-more\"> <a class=\"\" href=\"http:\/\/www.agrochallenges.com\/index.php\/es\/el-juego-2\/\"> <span class=\"screen-reader-text\">El juego<\/span> Lire la suite\u00a0\u00bb<\/a><\/p>\n","protected":false},"author":1,"featured_media":0,"parent":0,"menu_order":0,"comment_status":"closed","ping_status":"closed","template":"","meta":{"footnotes":""},"_links":{"self":[{"href":"http:\/\/www.agrochallenges.com\/index.php\/wp-json\/wp\/v2\/pages\/223"}],"collection":[{"href":"http:\/\/www.agrochallenges.com\/index.php\/wp-json\/wp\/v2\/pages"}],"about":[{"href":"http:\/\/www.agrochallenges.com\/index.php\/wp-json\/wp\/v2\/types\/page"}],"author":[{"embeddable":true,"href":"http:\/\/www.agrochallenges.com\/index.php\/wp-json\/wp\/v2\/users\/1"}],"replies":[{"embeddable":true,"href":"http:\/\/www.agrochallenges.com\/index.php\/wp-json\/wp\/v2\/comments?post=223"}],"version-history":[{"count":3,"href":"http:\/\/www.agrochallenges.com\/index.php\/wp-json\/wp\/v2\/pages\/223\/revisions"}],"predecessor-version":[{"id":1534,"href":"http:\/\/www.agrochallenges.com\/index.php\/wp-json\/wp\/v2\/pages\/223\/revisions\/1534"}],"wp:attachment":[{"href":"http:\/\/www.agrochallenges.com\/index.php\/wp-json\/wp\/v2\/media?parent=223"}],"curies":[{"name":"wp","href":"https:\/\/api.w.org\/{rel}","templated":true}]}}