{"id":957,"date":"2023-02-09T17:25:53","date_gmt":"2023-02-09T16:25:53","guid":{"rendered":"http:\/\/www.agrochallenges.com\/?page_id=957"},"modified":"2023-02-10T14:37:33","modified_gmt":"2023-02-10T13:37:33","slug":"insignias-digitales","status":"publish","type":"page","link":"http:\/\/www.agrochallenges.com\/index.php\/es\/insignias-digitales\/","title":{"rendered":"Insignias digitales"},"content":{"rendered":"\n<h2>\n\t\tOpen Badge CHALLENGER\n\t<\/h2>\n\t\t\t\t<img loading=\"lazy\" decoding=\"async\" src=\"http:\/\/www.agrochallenges.com\/wp-content\/uploads\/2023\/02\/Badge_Challenger-1.jpg\" alt=\"Badge_Challenger\" itemprop=\"image\" title=\"Badge_Challenger\" onerror=\"this.style.display='none'\" width=\"419\" height=\"419\">\n\t<p>Este badge certifica que el poseedor ha participado en una sesi\u00f3n de sensibilizaci\u00f3n al concepto de agroecolog\u00eda a trav\u00e9s de una sesi\u00f3n de juego AGROCHALLENGES (individualmente o en equipo). Este badge puede ser valorizado internacionalmente por medio de los idiomas disponibles : Franc\u00e9s, Ingl\u00e9s, Espa\u00f1ol \u00bb.<\/p>\n\t\n<p>Cualquiera persona puede requerir este badge. El poseedor debe haber participado en una sesi\u00f3n de juego y proporcionado un corto resumen de los aprendizajes recuerdos. Este badge atestigua que su poseedor desarroll\u00f3 las competencias siguientes :<\/p>\n<ul>\n<li aria-level=\"1\">Adquisici\u00f3n de conocimientos sobre la agroecolog\u00eda<\/li>\n<li aria-level=\"1\">Creciente concienciaci\u00f3n del enfoque sist\u00e9mico y multidisciplinario (agronom\u00eda, econom\u00eda, ecolog\u00eda) y de los diferentes escalas temporales y espaciales : local \/ global y corto plazo \/ largo plazo<\/li>\n<li aria-level=\"1\">Capacidad para debatir y argumentar los desaf\u00edos agr\u00edcolas y alimentarios contempor\u00e1neos<\/li>\n<li aria-level=\"1\">Fuerza de propuesta para responder a los desaf\u00edos de la agricultura y de la alimentaci\u00f3n a mediano y largo plazo<\/li>\n<\/ul>\n\t\t\t<a href=\"https:\/\/openbadgefactory.com\/c\/earnablebadge\/QUJ118aNANaUR\/apply\" target=\"_blank\" role=\"button\" rel=\"noopener\">\n\t\t\t\t\t\tSolicitar el Open Badge CHALLENGER\n\t\t\t\t\t<\/a>\n<h2>\n\t\tOpen Badge CHALLENGER\n\t<\/h2>\n\t\t\t\t<img loading=\"lazy\" decoding=\"async\" src=\"http:\/\/www.agrochallenges.com\/wp-content\/uploads\/2023\/02\/Badge_Amassador-1.jpg\" alt=\"Badge_Amassador\" itemprop=\"image\" title=\"Badge_Amassador\" onerror=\"this.style.display='none'\" width=\"419\" height=\"419\">\n\t<p>Este badge certifica que el poseedor ha participado en la sensibilizaci\u00f3n del concepto de agroecolog\u00eda a trav\u00e9s de la organizaci\u00f3n de una sesi\u00f3n de juego AGROCHALLENGES. Este badge puede ser valorizado internacionalmente por medio de los idiomas disponibles : Franc\u00e9s, Ingl\u00e9s, Espa\u00f1ol \u00bb.<\/p>\n\t\n<p>Cualquiera persona puede obtener requerir este badge. El poseedor debe haber organizado una sesi\u00f3n de juego y enviado el nombre de su organizaci\u00f3n al equipo de AGROCHALLENGES (universidad, asociaci\u00f3n, cooperativa de profesionales). El poseedor debe proveer detalles sobre el evento organizado y un corto texto sobre su experiencia. Este badge atestigua que su poseedor desarroll\u00f3 las competencias siguientes :<\/p>\n<ul>\n<li aria-level=\"1\">Adquisici\u00f3n de conocimientos sobre la agroecolog\u00eda<\/li>\n<li aria-level=\"1\">Creciente concienciaci\u00f3n del enfoque sist\u00e9mico y multidisciplinario (agronom\u00eda, econom\u00eda, ecolog\u00eda) y de los diferentes escalas temporales y espaciales : local \/ global y corto plazo \/ largo plazo<\/li>\n<li aria-level=\"1\">Capacidad para debatir y argumentar los desaf\u00edos agr\u00edcolas y alimentarios contempor\u00e1neos<\/li>\n<li aria-level=\"1\">Fuerza de propuesta para responder a los desaf\u00edos del la agricultura y de la alimentaci\u00f3n a mediano y largo plazo<\/li>\n<li aria-level=\"1\">Capacidad de organizaci\u00f3n y animaci\u00f3n de sesi\u00f3n(es) de sensibilizaci\u00f3n al concepto de agroecolog\u00eda a trav\u00e9s del juego serio AGROCHALLENGES<\/li>\n<li aria-level=\"1\">Capacidad a transmitir y compartir sus conocimientos sobre agroecolog\u00cda de manera pedag\u00f3gica<\/li>\n<\/ul>\n\t\t\t<a href=\"https:\/\/openbadgefactory.com\/c\/earnablebadge\/QUJFC1aNANa14L\/apply\" target=\"_blank\" role=\"button\" rel=\"noopener\">\n\t\t\t\t\t\tSolicitar el Open Badge AMBASSADOR\n\t\t\t\t\t<\/a>\n","protected":false},"excerpt":{"rendered":"<p>Open Badge CHALLENGER Este badge certifica que el poseedor ha participado en una sesi\u00f3n de sensibilizaci\u00f3n al concepto de agroecolog\u00eda a trav\u00e9s de una sesi\u00f3n de juego AGROCHALLENGES (individualmente o en equipo). Este badge puede ser valorizado internacionalmente por medio de los idiomas disponibles : Franc\u00e9s, Ingl\u00e9s, Espa\u00f1ol \u00bb. Cualquiera persona puede requerir este badge. &hellip;<\/p>\n<p class=\"read-more\"> <a class=\"\" href=\"http:\/\/www.agrochallenges.com\/index.php\/es\/insignias-digitales\/\"> <span class=\"screen-reader-text\">Insignias digitales<\/span> Lire la suite\u00a0\u00bb<\/a><\/p>\n","protected":false},"author":1,"featured_media":0,"parent":0,"menu_order":0,"comment_status":"closed","ping_status":"closed","template":"","meta":{"footnotes":""},"_links":{"self":[{"href":"http:\/\/www.agrochallenges.com\/index.php\/wp-json\/wp\/v2\/pages\/957"}],"collection":[{"href":"http:\/\/www.agrochallenges.com\/index.php\/wp-json\/wp\/v2\/pages"}],"about":[{"href":"http:\/\/www.agrochallenges.com\/index.php\/wp-json\/wp\/v2\/types\/page"}],"author":[{"embeddable":true,"href":"http:\/\/www.agrochallenges.com\/index.php\/wp-json\/wp\/v2\/users\/1"}],"replies":[{"embeddable":true,"href":"http:\/\/www.agrochallenges.com\/index.php\/wp-json\/wp\/v2\/comments?post=957"}],"version-history":[{"count":3,"href":"http:\/\/www.agrochallenges.com\/index.php\/wp-json\/wp\/v2\/pages\/957\/revisions"}],"predecessor-version":[{"id":1436,"href":"http:\/\/www.agrochallenges.com\/index.php\/wp-json\/wp\/v2\/pages\/957\/revisions\/1436"}],"wp:attachment":[{"href":"http:\/\/www.agrochallenges.com\/index.php\/wp-json\/wp\/v2\/media?parent=957"}],"curies":[{"name":"wp","href":"https:\/\/api.w.org\/{rel}","templated":true}]}}